{"id":3376,"date":"2016-11-03T14:40:38","date_gmt":"2016-11-03T13:40:38","guid":{"rendered":"https:\/\/parkstrunjan.si\/pravno-obvestilo\/"},"modified":"2019-11-14T11:13:49","modified_gmt":"2019-11-14T09:13:49","slug":"privacy-policy","status":"publish","type":"page","link":"https:\/\/parkstrunjan.si\/en\/privacy-policy\/","title":{"rendered":"Privacy Policy"},"content":{"rendered":"<section class=\"kc-elm kc-css-192485 kc_row\"><div class=\"kc-row-container  kc-container\"><div class=\"kc-wrap-columns\"><div class=\"kc-elm kc-css-893496 kc_col-sm-12 kc_column kc_col-sm-12\"><div class=\"kc-col-container\"><div class=\"kc-elm kc_text_block\"><\/p>\n<style type=\"text\/css\"><\/style>\n<section class=\"kc-elm kc-css-3404323 kc_row\">\n<div class=\"kc-row-container kc-container\">\n<div class=\"kc-wrap-columns\">\n<div class=\"kc-elm kc-css-633268 kc_col-sm-12 kc_column kc_col-sm-12\">\n<div class=\"kc-col-container\">\n<div class=\"kc-elm kc-css-32688 kc_text_block\">\n<p>Zavedamo se pomembnosti varstva osebnih podatkov, predvsem zato, ker jih uporabljamo za zagotavljanje ustreznej\u0161ih storitev in informacij na\u0161im obiskovalcem. Uredba GDPR, ki jo je sprejela Evropska unija, narekuje visoke standarde, ki dolo\u010dajo, kako se va\u0161i podatki zbirajo, hranijo, vam omogo\u010da vpogled vanje in zahtevo za izbris ter \u0161e veliko ve\u010d. V skladu z zakonodajo in na\u0161im zavedanjem pomembnosti tega podro\u010dja smo pripravili pojasnila o varnosti va\u0161ih podatkov in pravicah, ki jih imate kot lastnik podatkov. Pred podajo privolitve za zbiranje ali obdelavo va\u0161ih osebnih podatkov zato to pojasnilo skrbno preberite.<\/p>\n<h4>KAJ SO OSEBNI PODATKI<\/h4>\n<p>Osebni podatki so kateri koli podatki, ki se nana\u0161ajo na dolo\u010deno fizi\u010dno osebo, torej posameznika, na glede na obliko, v kateri so izra\u017eeni. Gre za podatke, na podlagi katerih vas je mogo\u010de identificirati: ime, priimek, elektronski naslov, itd.<\/p>\n<p>Upravljavec osebnih podatkov na spletnem mestu <a href=\"http:\/\/parkstrunjan.si\/\" target=\"_blank\" rel=\"noopener noreferrer\">parkstrunjan.si<\/a> je podjetje Javni zavod Krajinski park Strunjan, Strunjan 152, 6320 Portoro\u017e.<\/p>\n<h4>KJE HRANIMO VA\u0160E OSEBNE PODATKE IN ZA KOLIKO \u010cASA<\/h4>\n<p>Osebni podatki, ki nam jih digitalno posredujete, se shranjujejo na zato najetih stre\u017enikih pri ponudniku gostovanja, lahko pa tudi pri podjetjih, katerih orodja uporabljamo. Na primer, ponudnik orodja za e-po\u0161tno komunikacijo hrani podatke o naslovnikih. Zbrane osebne podatke hranimo do trenutka, ko nam sporo\u010dite, da ne sogla\u0161ate ve\u010d s hranjenjem in obdelavo osebnih podatkov oz. najve\u010d toliko \u010dasa, kolikor je potrebno, da se dose\u017ee namen, za katerega se obdelujejo, ali da zadovoljimo zakonske zahteve.<\/p>\n<h4>ZBIRANJE, OBDELAVA IN UPORABA OSEBNIH PODATKOV<\/h4>\n<p>Va\u0161e osebne podatke zbiramo, z njimi upravljamo in obdelujemo le za zakonsko dolo\u010dene namene ali na podlagi va\u0161ega izrecnega soglasja. Podatki, zbrani s soglasjem, so v prvi vrsti namenjeni komunikaciji z vami in izbolj\u0161anju storitev. Zavezujemo se, da va\u0161ih osebnih podatkov ne bomo posodili ali prodali tretji osebi brez predhodnega obvestila in pridobitve va\u0161ega izrecnega pisnega soglasja.<\/p>\n<h4>PREKLIC SOGLASJA ZA OBDELAVO OSEBNIH PODATKOV<\/h4>\n<p>Kadar koli imate pravico preklicati dano soglasje za obdelavo osebnih podatkov. Prekli\u010dete lahko pravico za posamezen namen ali za vse namene obdelave osebnih podatkov, s katerimi ste sogla\u0161ali.<\/p>\n<p>Pisno izjavo za preklic soglasja za obdelavo osebnih podatkov po\u0161ljite na naslov: Javni zavod Krajinski park Strunjan, Strunjan 152, 6320 Portoro\u017e ali na elektronski naslov: <a href=\"mailto:info@parkstrunjan.si\">info@parkstrunjan.si<\/a><\/p>\n<p>V primeru preklica soglasja za zbiranje ali obdelavo osebnih podatkov bodo vsi zbrani osebni podatki, na katere se bo nana\u0161ala zahteva za izbris, izbrisani ali izvzeti iz samodejne obdelave.<\/p>\n<p>Preklic soglasja za obdelavo osebnih podatkov ne vpliva na zakonitost obdelave osebnih podatkov v zvezi z vami do va\u0161ega preklica ter uporabo teh osebnih podatkov za zakonsko dolo\u010dene namene.<\/p>\n<h4>VA\u0160E PRAVICE NA PODRO\u010cJU VARSTVA OSEBNIH PODATKOV<\/h4>\n<p><strong>Pravica do izbrisa\/pozabe<\/strong><\/p>\n<p>Kadar koli imate pravico zahtevati, da upravljavec popravi oziroma dopolni neto\u010dne oziroma pomanjkljive osebne podatke v zvezi z vami.<br \/>\nKadar koli lahko zahtevate vpogled v podatke, ki jih je upravljavec o vas zbral, ali takoj\u0161en izbris svojih osebnih podatkov.<br \/>\nV primeru popravka, dopolnitve ali izbrisa osebnih podatkov vas moramo o popravku, dopolnitvi ali izbrisu brez odla\u0161anja obvestiti.<\/p>\n<p><strong>Pravica do omejitve obdelave osebnih podatkov<\/strong><\/p>\n<p>Kadar koli imate pravico zahtevati, da omejimo obdelavo va\u0161ih osebnih podatkov v primeru njihove neto\u010dnosti, nezakonitosti, prenehanja namena obdelave ali vlo\u017eitve ugovora.<\/p>\n<p><strong>Pravica do prenosljivosti va\u0161ih podatkov<\/strong><\/p>\n<p>Kadar koli imate pravico zahtevati, da vam posredujemo osebne podatke, ki jih obdelujemo v zvezi z vami.<br \/>\nKadar koli imate pravico zahtevati, da osebne podatke, ki jih obdelujemo v zvezi z vami, posredujemo drugemu upravljavcu.<\/p>\n<p><strong>Pravica do ugovora<\/strong><\/p>\n<p>Vsaka uporaba va\u0161ih osebnih podatkov za namene informativnega ali promocijskega obve\u0161\u010danja zahteva va\u0161o izrecno privolitev. V primeru, ko na podlagi privolitve prejemate informativne ali komercialne promocijske vsebine, lahko kadar koli pisno zahtevate prenehanje uporabe svojih podatkov v ta namen.<\/p>\n<p><strong>Pravica do dostopa do osebnih podatkov v zvezi z vami<\/strong><\/p>\n<p>Kadar koli imate pravico dobiti potrditev, ali se v zvezi z vami obdelujejo osebni podatki in dostop do osebnih podatkov v zvezi z vami in naslednje informacije: namen obdelave podatkov, vrsto osebnih podatkov v zvezi z vami, uporabnike va\u0161ih osebnih podatkov, predvideno obdobje hrambe osebnih podatkov, vir osebnih podatkov.<\/p>\n<h4>OGRO\u017dENOST VARSTVA OSEBNIH PODATKOV<\/h4>\n<p>V primeru ogro\u017eenosti varstva osebnih podatkov bomo brez nepotrebnega odla\u0161anja, najkasneje pa v 72 urah po seznanitvi z ogro\u017eenostjo varstva va\u0161ih osebnih podatkov o njej obvestili pristojni organ.<\/p>\n<p><strong>Pomembne informacije v zvezi z obdelavo va\u0161ih osebnih podatkov<\/strong><\/p>\n<p>Zavezujemo se, da bomo vse zbrane podatke obdelovali zgolj v okviru na\u0161tetih namenov upravljanja oz. obdelave osebnih podatkov ter v skladu z Zakonom o varstvu osebnih podatkov ter drugo zadevno podro\u010dno zakonodajo kot tudi skladno z Uredbo (EU) 2016\/679 o varstvu posameznikov pri obdelavi osebnih podatkov (GDPR).<\/p>\n<\/div>\n<\/div>\n<\/div>\n<\/div>\n<\/div>\n<\/section>\n<p>\n<\/div><\/div><\/div><\/div><\/div><\/section>\n","protected":false},"excerpt":{"rendered":"","protected":false},"author":9,"featured_media":3145,"parent":0,"menu_order":84,"comment_status":"closed","ping_status":"closed","template":"","meta":{"_acf_changed":false,"footnotes":""},"class_list":["post-3376","page","type-page","status-publish","has-post-thumbnail","hentry"],"acf":[],"yoast_head":"<!-- This site is optimized with the Yoast SEO plugin v26.8 - https:\/\/yoast.com\/product\/yoast-seo-wordpress\/ -->\n<title>Privacy Policy | Krajinski park Strunjan<\/title>\n<meta name=\"robots\" content=\"index, follow, max-snippet:-1, max-image-preview:large, max-video-preview:-1\" \/>\n<link rel=\"canonical\" href=\"https:\/\/parkstrunjan.si\/en\/privacy-policy\/\" \/>\n<meta property=\"og:locale\" content=\"en_US\" \/>\n<meta property=\"og:type\" content=\"article\" \/>\n<meta property=\"og:title\" content=\"Privacy Policy | Krajinski park Strunjan\" \/>\n<meta property=\"og:description\" content=\"Zavedamo se pomembnosti varstva osebnih podatkov, predvsem zato, ker jih uporabljamo za zagotavljanje ustreznej\u0161ih storitev in informacij na\u0161im obiskovalcem. Uredba GDPR, ki jo je sprejela Evropska unija, narekuje visoke standarde, ki dolo\u010dajo, kako se va\u0161i podatki zbirajo, hranijo, vam omogo\u010da vpogled vanje in zahtevo za izbris ter \u0161e veliko ve\u010d. V skladu z zakonodajo in [&hellip;]\" \/>\n<meta property=\"og:url\" content=\"https:\/\/parkstrunjan.si\/en\/privacy-policy\/\" \/>\n<meta property=\"og:site_name\" content=\"Krajinski park Strunjan\" \/>\n<meta property=\"article:modified_time\" content=\"2019-11-14T09:13:49+00:00\" \/>\n<meta property=\"og:image\" content=\"https:\/\/parkstrunjan.si\/wp-content\/uploads\/2018\/10\/soline-steza-1024x683.jpg\" \/>\n\t<meta property=\"og:image:width\" content=\"1024\" \/>\n\t<meta property=\"og:image:height\" content=\"683\" \/>\n\t<meta property=\"og:image:type\" content=\"image\/jpeg\" \/>\n<meta name=\"twitter:card\" content=\"summary_large_image\" \/>\n<meta name=\"twitter:label1\" content=\"Est. reading time\" \/>\n\t<meta name=\"twitter:data1\" content=\"4 minutes\" \/>\n<script type=\"application\/ld+json\" class=\"yoast-schema-graph\">{\"@context\":\"https:\/\/schema.org\",\"@graph\":[{\"@type\":\"WebPage\",\"@id\":\"https:\/\/parkstrunjan.si\/en\/privacy-policy\/\",\"url\":\"https:\/\/parkstrunjan.si\/en\/privacy-policy\/\",\"name\":\"Privacy Policy | Krajinski park Strunjan\",\"isPartOf\":{\"@id\":\"https:\/\/parkstrunjan.si\/#website\"},\"primaryImageOfPage\":{\"@id\":\"https:\/\/parkstrunjan.si\/en\/privacy-policy\/#primaryimage\"},\"image\":{\"@id\":\"https:\/\/parkstrunjan.si\/en\/privacy-policy\/#primaryimage\"},\"thumbnailUrl\":\"https:\/\/parkstrunjan.si\/wp-content\/uploads\/2018\/10\/soline-steza.jpg\",\"datePublished\":\"2016-11-03T13:40:38+00:00\",\"dateModified\":\"2019-11-14T09:13:49+00:00\",\"breadcrumb\":{\"@id\":\"https:\/\/parkstrunjan.si\/en\/privacy-policy\/#breadcrumb\"},\"inLanguage\":\"en-US\",\"potentialAction\":[{\"@type\":\"ReadAction\",\"target\":[\"https:\/\/parkstrunjan.si\/en\/privacy-policy\/\"]}]},{\"@type\":\"ImageObject\",\"inLanguage\":\"en-US\",\"@id\":\"https:\/\/parkstrunjan.si\/en\/privacy-policy\/#primaryimage\",\"url\":\"https:\/\/parkstrunjan.si\/wp-content\/uploads\/2018\/10\/soline-steza.jpg\",\"contentUrl\":\"https:\/\/parkstrunjan.si\/wp-content\/uploads\/2018\/10\/soline-steza.jpg\",\"width\":1920,\"height\":1280},{\"@type\":\"BreadcrumbList\",\"@id\":\"https:\/\/parkstrunjan.si\/en\/privacy-policy\/#breadcrumb\",\"itemListElement\":[{\"@type\":\"ListItem\",\"position\":1,\"name\":\"Home\",\"item\":\"https:\/\/parkstrunjan.si\/en\/\"},{\"@type\":\"ListItem\",\"position\":2,\"name\":\"Privacy Policy\"}]},{\"@type\":\"WebSite\",\"@id\":\"https:\/\/parkstrunjan.si\/#website\",\"url\":\"https:\/\/parkstrunjan.si\/\",\"name\":\"Krajinski park Strunjan\",\"description\":\"Kjer se sre\u010dujeta kopno in morje\",\"publisher\":{\"@id\":\"https:\/\/parkstrunjan.si\/#organization\"},\"potentialAction\":[{\"@type\":\"SearchAction\",\"target\":{\"@type\":\"EntryPoint\",\"urlTemplate\":\"https:\/\/parkstrunjan.si\/?s={search_term_string}\"},\"query-input\":{\"@type\":\"PropertyValueSpecification\",\"valueRequired\":true,\"valueName\":\"search_term_string\"}}],\"inLanguage\":\"en-US\"},{\"@type\":\"Organization\",\"@id\":\"https:\/\/parkstrunjan.si\/#organization\",\"name\":\"Krajinski park Strunjan\",\"url\":\"https:\/\/parkstrunjan.si\/\",\"logo\":{\"@type\":\"ImageObject\",\"inLanguage\":\"en-US\",\"@id\":\"https:\/\/parkstrunjan.si\/#\/schema\/logo\/image\/\",\"url\":\"https:\/\/parkstrunjan.si\/wp-content\/uploads\/2019\/04\/www_parkstrunjan_si_422aadf1f29e0bd85fddab969ddc1b56.png\",\"contentUrl\":\"https:\/\/parkstrunjan.si\/wp-content\/uploads\/2019\/04\/www_parkstrunjan_si_422aadf1f29e0bd85fddab969ddc1b56.png\",\"width\":311,\"height\":339,\"caption\":\"Krajinski park Strunjan\"},\"image\":{\"@id\":\"https:\/\/parkstrunjan.si\/#\/schema\/logo\/image\/\"}}]}<\/script>\n<!-- \/ Yoast SEO plugin. -->","yoast_head_json":{"title":"Privacy Policy | Krajinski park Strunjan","robots":{"index":"index","follow":"follow","max-snippet":"max-snippet:-1","max-image-preview":"max-image-preview:large","max-video-preview":"max-video-preview:-1"},"canonical":"https:\/\/parkstrunjan.si\/en\/privacy-policy\/","og_locale":"en_US","og_type":"article","og_title":"Privacy Policy | Krajinski park Strunjan","og_description":"Zavedamo se pomembnosti varstva osebnih podatkov, predvsem zato, ker jih uporabljamo za zagotavljanje ustreznej\u0161ih storitev in informacij na\u0161im obiskovalcem. Uredba GDPR, ki jo je sprejela Evropska unija, narekuje visoke standarde, ki dolo\u010dajo, kako se va\u0161i podatki zbirajo, hranijo, vam omogo\u010da vpogled vanje in zahtevo za izbris ter \u0161e veliko ve\u010d. V skladu z zakonodajo in [&hellip;]","og_url":"https:\/\/parkstrunjan.si\/en\/privacy-policy\/","og_site_name":"Krajinski park Strunjan","article_modified_time":"2019-11-14T09:13:49+00:00","og_image":[{"width":1024,"height":683,"url":"https:\/\/parkstrunjan.si\/wp-content\/uploads\/2018\/10\/soline-steza-1024x683.jpg","type":"image\/jpeg"}],"twitter_card":"summary_large_image","twitter_misc":{"Est. reading time":"4 minutes"},"schema":{"@context":"https:\/\/schema.org","@graph":[{"@type":"WebPage","@id":"https:\/\/parkstrunjan.si\/en\/privacy-policy\/","url":"https:\/\/parkstrunjan.si\/en\/privacy-policy\/","name":"Privacy Policy | Krajinski park Strunjan","isPartOf":{"@id":"https:\/\/parkstrunjan.si\/#website"},"primaryImageOfPage":{"@id":"https:\/\/parkstrunjan.si\/en\/privacy-policy\/#primaryimage"},"image":{"@id":"https:\/\/parkstrunjan.si\/en\/privacy-policy\/#primaryimage"},"thumbnailUrl":"https:\/\/parkstrunjan.si\/wp-content\/uploads\/2018\/10\/soline-steza.jpg","datePublished":"2016-11-03T13:40:38+00:00","dateModified":"2019-11-14T09:13:49+00:00","breadcrumb":{"@id":"https:\/\/parkstrunjan.si\/en\/privacy-policy\/#breadcrumb"},"inLanguage":"en-US","potentialAction":[{"@type":"ReadAction","target":["https:\/\/parkstrunjan.si\/en\/privacy-policy\/"]}]},{"@type":"ImageObject","inLanguage":"en-US","@id":"https:\/\/parkstrunjan.si\/en\/privacy-policy\/#primaryimage","url":"https:\/\/parkstrunjan.si\/wp-content\/uploads\/2018\/10\/soline-steza.jpg","contentUrl":"https:\/\/parkstrunjan.si\/wp-content\/uploads\/2018\/10\/soline-steza.jpg","width":1920,"height":1280},{"@type":"BreadcrumbList","@id":"https:\/\/parkstrunjan.si\/en\/privacy-policy\/#breadcrumb","itemListElement":[{"@type":"ListItem","position":1,"name":"Home","item":"https:\/\/parkstrunjan.si\/en\/"},{"@type":"ListItem","position":2,"name":"Privacy Policy"}]},{"@type":"WebSite","@id":"https:\/\/parkstrunjan.si\/#website","url":"https:\/\/parkstrunjan.si\/","name":"Krajinski park Strunjan","description":"Kjer se sre\u010dujeta kopno in morje","publisher":{"@id":"https:\/\/parkstrunjan.si\/#organization"},"potentialAction":[{"@type":"SearchAction","target":{"@type":"EntryPoint","urlTemplate":"https:\/\/parkstrunjan.si\/?s={search_term_string}"},"query-input":{"@type":"PropertyValueSpecification","valueRequired":true,"valueName":"search_term_string"}}],"inLanguage":"en-US"},{"@type":"Organization","@id":"https:\/\/parkstrunjan.si\/#organization","name":"Krajinski park Strunjan","url":"https:\/\/parkstrunjan.si\/","logo":{"@type":"ImageObject","inLanguage":"en-US","@id":"https:\/\/parkstrunjan.si\/#\/schema\/logo\/image\/","url":"https:\/\/parkstrunjan.si\/wp-content\/uploads\/2019\/04\/www_parkstrunjan_si_422aadf1f29e0bd85fddab969ddc1b56.png","contentUrl":"https:\/\/parkstrunjan.si\/wp-content\/uploads\/2019\/04\/www_parkstrunjan_si_422aadf1f29e0bd85fddab969ddc1b56.png","width":311,"height":339,"caption":"Krajinski park Strunjan"},"image":{"@id":"https:\/\/parkstrunjan.si\/#\/schema\/logo\/image\/"}}]}},"_links":{"self":[{"href":"https:\/\/parkstrunjan.si\/en\/wp-json\/wp\/v2\/pages\/3376","targetHints":{"allow":["GET"]}}],"collection":[{"href":"https:\/\/parkstrunjan.si\/en\/wp-json\/wp\/v2\/pages"}],"about":[{"href":"https:\/\/parkstrunjan.si\/en\/wp-json\/wp\/v2\/types\/page"}],"author":[{"embeddable":true,"href":"https:\/\/parkstrunjan.si\/en\/wp-json\/wp\/v2\/users\/9"}],"replies":[{"embeddable":true,"href":"https:\/\/parkstrunjan.si\/en\/wp-json\/wp\/v2\/comments?post=3376"}],"version-history":[{"count":0,"href":"https:\/\/parkstrunjan.si\/en\/wp-json\/wp\/v2\/pages\/3376\/revisions"}],"wp:featuredmedia":[{"embeddable":true,"href":"https:\/\/parkstrunjan.si\/en\/wp-json\/wp\/v2\/media\/3145"}],"wp:attachment":[{"href":"https:\/\/parkstrunjan.si\/en\/wp-json\/wp\/v2\/media?parent=3376"}],"curies":[{"name":"wp","href":"https:\/\/api.w.org\/{rel}","templated":true}]}}