{"id":12175,"date":"2020-01-24T13:47:20","date_gmt":"2020-01-24T12:47:20","guid":{"rendered":"https:\/\/parkstrunjan.si\/izjava-o-dostopnosti\/"},"modified":"2026-01-05T10:38:58","modified_gmt":"2026-01-05T09:38:58","slug":"dichiarazione-di-accessibilita","status":"publish","type":"page","link":"https:\/\/parkstrunjan.si\/it\/dichiarazione-di-accessibilita\/","title":{"rendered":"Dichiarazione di accessibilit\u00e0"},"content":{"rendered":"<p><strong>Accessibilit<\/strong><strong>\u00e0<\/strong><\/p>\n<p>Nell&#8217;Istituto pubblico Parco naturale Strugnano ci impegniamo a rendere possibile l\u2019accessibilit\u00e0 alla pagina web www.parkstrunjan.si in conformit\u00e0 alla Legge sull\u2019accessibilit\u00e0 dei siti web e delle applicazioni mobili a tutti gli utenti.<\/p>\n<p>&nbsp;<\/p>\n<h2>Dichiarazione di accessibilit\u00e0<\/h2>\n<p>La presente dichiarazione di accessibilit\u00e0 si riferisce all\u2019intero sito web dell&#8217;Istituto pubblico Parco naturale Strugnano \u2013 www.parkstrunjan.si. Il gestore del sito web \u00e8 l&#8217;Istituto pubblico Parco naturale Strugnano.<\/p>\n<p>Sono stati garantiti sistematicamente alcuni adattamenti per soddisfare le richieste relative all\u2019accessibilit\u00e0:<\/p>\n<ul>\n<li>design responsivo (adattamento grafico dei contenuti alla risoluzione dello schermo),<\/li>\n<li>rappresentazione dei contenuti per gli utenti di tecnologie assistive (lettore di schermo, display Braille),<\/li>\n<li>navigazione con la tastiera (adattamento per gli utenti che non possono utilizzare il mouse),<\/li>\n<li>contrasto cromatico idoneo (tra il testo e lo sfondo),<\/li>\n<li>attivit\u00e0 prevedibile del sito web,<\/li>\n<li>sistemazione delle immagini con testo sostitutivo,<\/li>\n<li>possibile utilizzo di diversi livello di titolo.<\/li>\n<\/ul>\n<p>&nbsp;<\/p>\n<p><strong>Livello di conformit<\/strong><strong>\u00e0<\/strong><\/p>\n<p>Il sito web www.parkstrunjan.si raggiunge il livello di accessibilit\u00e0 AA, come stabilito nelle linee guida per la progettazione dei contenuti web <a href=\"http:\/\/www.w3.org\/TR\/WCAG20\/\" target=\"_blank\" rel=\"noopener noreferrer\">Web Content Accessibility Guidelines WCAG 2.0<\/a>\u00a0ed \u00e8 in parte conforme alla \u00a0<a href=\"http:\/\/www.pisrs.si\/Pis.web\/pregledPredpisa?id=ZAKO7718\" target=\"_blank\" rel=\"noopener noreferrer\">Legge sull&#8217;accessibilit\u00e0 dei siti web e delle applicazioni mobili<\/a>, a causa di eccezioni, come specificato nel testo a seguire.<\/p>\n<p>&nbsp;<\/p>\n<p><strong>Contenuti inaccessibili<\/strong><\/p>\n<p>L\u2019accessibilit\u00e0 del sito web viene continuamente monitorata e migliorata. Nonostante ci\u00f2, alcuni contenuti pubblicati non soddisfano tutte le richieste relative all\u2019accessibilit\u00e0, come stabilite dalla Legge sull\u2019accessibilit\u00e0 dei siti web e delle applicazioni mobili.<\/p>\n<p>Esempi di tali contenuti:<\/p>\n<ul>\n<li>documenti scannerizzati in formato PDF,<\/li>\n<li>documenti generati con programmi,<\/li>\n<li>diversi tipi di tabelle dati complesse.<\/li>\n<\/ul>\n<p>&nbsp;<\/p>\n<p><strong>Riscontri e informazioni di contatto<\/strong><\/p>\n<p>Per comunicarci qualsiasi cosa in relazione all\u2019addattamento della pagina web dell&#8217;Istituto pubblico Parco naturale Strugnano per l\u2019utilizzo delle persone con disabilit\u00e0 o in caso di bisogno di informazioni relative ai contenuti, attualmente inaccessibili, rivolgersi all\u2019indirizzo e-mail <a href=\"mailto:info@parkstrunjan.si\">info@parkstrunjan.si<\/a>. Come oggetto \u00a0scrivere obbligatoriamente \u201cpagina web \u2013 accessibilit\u00e0 per gruppi vulnerabili\u00ab.<\/p>\n<p>&nbsp;<\/p>\n<p><strong>Vigilanza sulla realizzazione delle disposizioni della Legge sull\u2019accessibilit<\/strong><strong>\u00e0<\/strong><strong> dei siti web e delle applicazioni mobili del settore pubblico<\/strong><\/p>\n<p>La vigilanza sulla realizzazione della Legge sull\u2019accessibilit\u00e0 dei siti web e delle applicazioni mobili del settore punbblico compete a:<\/p>\n<p>Ministero per la trasformazione digitale<br \/>\nIspettorato della Repubblica di Slovenia per la societ\u00e0 dell\u2019informazione<\/p>\n<p>Dav\u010dna ulica 1<br \/>\n1000 Ljubljana<br \/>\n<a href=\"tel:+38615555848\">+386 1 555 58 48<\/a><br \/>\n<a class=\"js-obfuscated is-reverse\" href=\"mailto:gp.irsid@gov.si\" data-address=\"GA.1FI@PGALG.DI@\">gp.irsid@gov.si<\/a><\/p>\n<p>&nbsp;<\/p>\n<p><strong>Data di pubblicazione del sito web:<br \/>\n<\/strong>Il sito web \u00e8 stato pubblicato nella forma esistente in Agosto 2019.<\/p>\n<p><strong>Stesura della dichiarazione di accessibilit<\/strong><strong>\u00e0:<br \/>\n<\/strong>La dichiarazione \u00e8 stata redatta il 24.01.2020, aggiornata il\u00a020.01.2021, 17.01.2022, 13.01.2023, 12.01.2024, 07.01.2025, 05.01.2026 utilizzando il metodo di cui al primo alinea del punto a) dell\u2019articolo 3(1) della Decisione di esecuzione 8UE) 2018\/1523 della Commissione \u2013 autovalutazione effettuata dall\u2019ente pubblico.<\/p>\n","protected":false},"excerpt":{"rendered":"<p>Accessibilit\u00e0 Nell&#8217;Istituto pubblico Parco naturale Strugnano ci impegniamo a rendere possibile l\u2019accessibilit\u00e0 alla pagina web www.parkstrunjan.si in conformit\u00e0 alla Legge sull\u2019accessibilit\u00e0 dei siti web e delle applicazioni mobili a tutti gli utenti. &nbsp; Dichiarazione di accessibilit\u00e0 La presente dichiarazione di accessibilit\u00e0 si riferisce all\u2019intero sito web dell&#8217;Istituto pubblico Parco naturale Strugnano \u2013 www.parkstrunjan.si. Il gestore [&hellip;]<\/p>\n","protected":false},"author":9,"featured_media":9433,"parent":0,"menu_order":6,"comment_status":"closed","ping_status":"closed","template":"","meta":{"_acf_changed":false,"footnotes":""},"class_list":["post-12175","page","type-page","status-publish","has-post-thumbnail","hentry"],"acf":[],"yoast_head":"<!-- This site is optimized with the Yoast SEO plugin v26.8 - https:\/\/yoast.com\/product\/yoast-seo-wordpress\/ -->\n<title>Dichiarazione di accessibilit\u00e0 | Krajinski park Strunjan<\/title>\n<meta name=\"robots\" content=\"index, follow, max-snippet:-1, max-image-preview:large, max-video-preview:-1\" \/>\n<link rel=\"canonical\" href=\"https:\/\/parkstrunjan.si\/it\/dichiarazione-di-accessibilita\/\" \/>\n<meta property=\"og:locale\" content=\"it_IT\" \/>\n<meta property=\"og:type\" content=\"article\" \/>\n<meta property=\"og:title\" content=\"Dichiarazione di accessibilit\u00e0 | Krajinski park Strunjan\" \/>\n<meta property=\"og:description\" content=\"Accessibilit\u00e0 Nell&#8217;Istituto pubblico Parco naturale Strugnano ci impegniamo a rendere possibile l\u2019accessibilit\u00e0 alla pagina web www.parkstrunjan.si in conformit\u00e0 alla Legge sull\u2019accessibilit\u00e0 dei siti web e delle applicazioni mobili a tutti gli utenti. &nbsp; Dichiarazione di accessibilit\u00e0 La presente dichiarazione di accessibilit\u00e0 si riferisce all\u2019intero sito web dell&#8217;Istituto pubblico Parco naturale Strugnano \u2013 www.parkstrunjan.si. Il gestore [&hellip;]\" \/>\n<meta property=\"og:url\" content=\"https:\/\/parkstrunjan.si\/it\/dichiarazione-di-accessibilita\/\" \/>\n<meta property=\"og:site_name\" content=\"Krajinski park Strunjan\" \/>\n<meta property=\"article:modified_time\" content=\"2026-01-05T09:38:58+00:00\" \/>\n<meta property=\"og:image\" content=\"https:\/\/parkstrunjan.si\/wp-content\/uploads\/2021\/04\/morje_Jaka_Ivancic.jpg\" \/>\n\t<meta property=\"og:image:width\" content=\"1024\" \/>\n\t<meta property=\"og:image:height\" content=\"683\" \/>\n\t<meta property=\"og:image:type\" content=\"image\/jpeg\" \/>\n<meta name=\"twitter:card\" content=\"summary_large_image\" \/>\n<meta name=\"twitter:label1\" content=\"Tempo di lettura stimato\" \/>\n\t<meta name=\"twitter:data1\" content=\"3 minuti\" \/>\n<script type=\"application\/ld+json\" class=\"yoast-schema-graph\">{\"@context\":\"https:\/\/schema.org\",\"@graph\":[{\"@type\":\"WebPage\",\"@id\":\"https:\/\/parkstrunjan.si\/it\/dichiarazione-di-accessibilita\/\",\"url\":\"https:\/\/parkstrunjan.si\/it\/dichiarazione-di-accessibilita\/\",\"name\":\"Dichiarazione di accessibilit\u00e0 | Krajinski park Strunjan\",\"isPartOf\":{\"@id\":\"https:\/\/parkstrunjan.si\/#website\"},\"primaryImageOfPage\":{\"@id\":\"https:\/\/parkstrunjan.si\/it\/dichiarazione-di-accessibilita\/#primaryimage\"},\"image\":{\"@id\":\"https:\/\/parkstrunjan.si\/it\/dichiarazione-di-accessibilita\/#primaryimage\"},\"thumbnailUrl\":\"https:\/\/parkstrunjan.si\/wp-content\/uploads\/2021\/04\/morje_Jaka_Ivancic.jpg\",\"datePublished\":\"2020-01-24T12:47:20+00:00\",\"dateModified\":\"2026-01-05T09:38:58+00:00\",\"breadcrumb\":{\"@id\":\"https:\/\/parkstrunjan.si\/it\/dichiarazione-di-accessibilita\/#breadcrumb\"},\"inLanguage\":\"it-IT\",\"potentialAction\":[{\"@type\":\"ReadAction\",\"target\":[\"https:\/\/parkstrunjan.si\/it\/dichiarazione-di-accessibilita\/\"]}]},{\"@type\":\"ImageObject\",\"inLanguage\":\"it-IT\",\"@id\":\"https:\/\/parkstrunjan.si\/it\/dichiarazione-di-accessibilita\/#primaryimage\",\"url\":\"https:\/\/parkstrunjan.si\/wp-content\/uploads\/2021\/04\/morje_Jaka_Ivancic.jpg\",\"contentUrl\":\"https:\/\/parkstrunjan.si\/wp-content\/uploads\/2021\/04\/morje_Jaka_Ivancic.jpg\",\"width\":1920,\"height\":1280},{\"@type\":\"BreadcrumbList\",\"@id\":\"https:\/\/parkstrunjan.si\/it\/dichiarazione-di-accessibilita\/#breadcrumb\",\"itemListElement\":[{\"@type\":\"ListItem\",\"position\":1,\"name\":\"Home\",\"item\":\"https:\/\/parkstrunjan.si\/it\/\"},{\"@type\":\"ListItem\",\"position\":2,\"name\":\"Dichiarazione di accessibilit\u00e0\"}]},{\"@type\":\"WebSite\",\"@id\":\"https:\/\/parkstrunjan.si\/#website\",\"url\":\"https:\/\/parkstrunjan.si\/\",\"name\":\"Krajinski park Strunjan\",\"description\":\"Kjer se sre\u010dujeta kopno in morje\",\"publisher\":{\"@id\":\"https:\/\/parkstrunjan.si\/#organization\"},\"potentialAction\":[{\"@type\":\"SearchAction\",\"target\":{\"@type\":\"EntryPoint\",\"urlTemplate\":\"https:\/\/parkstrunjan.si\/?s={search_term_string}\"},\"query-input\":{\"@type\":\"PropertyValueSpecification\",\"valueRequired\":true,\"valueName\":\"search_term_string\"}}],\"inLanguage\":\"it-IT\"},{\"@type\":\"Organization\",\"@id\":\"https:\/\/parkstrunjan.si\/#organization\",\"name\":\"Krajinski park Strunjan\",\"url\":\"https:\/\/parkstrunjan.si\/\",\"logo\":{\"@type\":\"ImageObject\",\"inLanguage\":\"it-IT\",\"@id\":\"https:\/\/parkstrunjan.si\/#\/schema\/logo\/image\/\",\"url\":\"https:\/\/parkstrunjan.si\/wp-content\/uploads\/2019\/04\/www_parkstrunjan_si_422aadf1f29e0bd85fddab969ddc1b56.png\",\"contentUrl\":\"https:\/\/parkstrunjan.si\/wp-content\/uploads\/2019\/04\/www_parkstrunjan_si_422aadf1f29e0bd85fddab969ddc1b56.png\",\"width\":311,\"height\":339,\"caption\":\"Krajinski park Strunjan\"},\"image\":{\"@id\":\"https:\/\/parkstrunjan.si\/#\/schema\/logo\/image\/\"}}]}<\/script>\n<!-- \/ Yoast SEO plugin. -->","yoast_head_json":{"title":"Dichiarazione di accessibilit\u00e0 | Krajinski park Strunjan","robots":{"index":"index","follow":"follow","max-snippet":"max-snippet:-1","max-image-preview":"max-image-preview:large","max-video-preview":"max-video-preview:-1"},"canonical":"https:\/\/parkstrunjan.si\/it\/dichiarazione-di-accessibilita\/","og_locale":"it_IT","og_type":"article","og_title":"Dichiarazione di accessibilit\u00e0 | Krajinski park Strunjan","og_description":"Accessibilit\u00e0 Nell&#8217;Istituto pubblico Parco naturale Strugnano ci impegniamo a rendere possibile l\u2019accessibilit\u00e0 alla pagina web www.parkstrunjan.si in conformit\u00e0 alla Legge sull\u2019accessibilit\u00e0 dei siti web e delle applicazioni mobili a tutti gli utenti. &nbsp; Dichiarazione di accessibilit\u00e0 La presente dichiarazione di accessibilit\u00e0 si riferisce all\u2019intero sito web dell&#8217;Istituto pubblico Parco naturale Strugnano \u2013 www.parkstrunjan.si. Il gestore [&hellip;]","og_url":"https:\/\/parkstrunjan.si\/it\/dichiarazione-di-accessibilita\/","og_site_name":"Krajinski park Strunjan","article_modified_time":"2026-01-05T09:38:58+00:00","og_image":[{"url":"https:\/\/parkstrunjan.si\/wp-content\/uploads\/2021\/04\/morje_Jaka_Ivancic.jpg","width":1024,"height":683,"type":"image\/jpeg"}],"twitter_card":"summary_large_image","twitter_misc":{"Tempo di lettura stimato":"3 minuti"},"schema":{"@context":"https:\/\/schema.org","@graph":[{"@type":"WebPage","@id":"https:\/\/parkstrunjan.si\/it\/dichiarazione-di-accessibilita\/","url":"https:\/\/parkstrunjan.si\/it\/dichiarazione-di-accessibilita\/","name":"Dichiarazione di accessibilit\u00e0 | Krajinski park Strunjan","isPartOf":{"@id":"https:\/\/parkstrunjan.si\/#website"},"primaryImageOfPage":{"@id":"https:\/\/parkstrunjan.si\/it\/dichiarazione-di-accessibilita\/#primaryimage"},"image":{"@id":"https:\/\/parkstrunjan.si\/it\/dichiarazione-di-accessibilita\/#primaryimage"},"thumbnailUrl":"https:\/\/parkstrunjan.si\/wp-content\/uploads\/2021\/04\/morje_Jaka_Ivancic.jpg","datePublished":"2020-01-24T12:47:20+00:00","dateModified":"2026-01-05T09:38:58+00:00","breadcrumb":{"@id":"https:\/\/parkstrunjan.si\/it\/dichiarazione-di-accessibilita\/#breadcrumb"},"inLanguage":"it-IT","potentialAction":[{"@type":"ReadAction","target":["https:\/\/parkstrunjan.si\/it\/dichiarazione-di-accessibilita\/"]}]},{"@type":"ImageObject","inLanguage":"it-IT","@id":"https:\/\/parkstrunjan.si\/it\/dichiarazione-di-accessibilita\/#primaryimage","url":"https:\/\/parkstrunjan.si\/wp-content\/uploads\/2021\/04\/morje_Jaka_Ivancic.jpg","contentUrl":"https:\/\/parkstrunjan.si\/wp-content\/uploads\/2021\/04\/morje_Jaka_Ivancic.jpg","width":1920,"height":1280},{"@type":"BreadcrumbList","@id":"https:\/\/parkstrunjan.si\/it\/dichiarazione-di-accessibilita\/#breadcrumb","itemListElement":[{"@type":"ListItem","position":1,"name":"Home","item":"https:\/\/parkstrunjan.si\/it\/"},{"@type":"ListItem","position":2,"name":"Dichiarazione di accessibilit\u00e0"}]},{"@type":"WebSite","@id":"https:\/\/parkstrunjan.si\/#website","url":"https:\/\/parkstrunjan.si\/","name":"Krajinski park Strunjan","description":"Kjer se sre\u010dujeta kopno in morje","publisher":{"@id":"https:\/\/parkstrunjan.si\/#organization"},"potentialAction":[{"@type":"SearchAction","target":{"@type":"EntryPoint","urlTemplate":"https:\/\/parkstrunjan.si\/?s={search_term_string}"},"query-input":{"@type":"PropertyValueSpecification","valueRequired":true,"valueName":"search_term_string"}}],"inLanguage":"it-IT"},{"@type":"Organization","@id":"https:\/\/parkstrunjan.si\/#organization","name":"Krajinski park Strunjan","url":"https:\/\/parkstrunjan.si\/","logo":{"@type":"ImageObject","inLanguage":"it-IT","@id":"https:\/\/parkstrunjan.si\/#\/schema\/logo\/image\/","url":"https:\/\/parkstrunjan.si\/wp-content\/uploads\/2019\/04\/www_parkstrunjan_si_422aadf1f29e0bd85fddab969ddc1b56.png","contentUrl":"https:\/\/parkstrunjan.si\/wp-content\/uploads\/2019\/04\/www_parkstrunjan_si_422aadf1f29e0bd85fddab969ddc1b56.png","width":311,"height":339,"caption":"Krajinski park Strunjan"},"image":{"@id":"https:\/\/parkstrunjan.si\/#\/schema\/logo\/image\/"}}]}},"_links":{"self":[{"href":"https:\/\/parkstrunjan.si\/it\/wp-json\/wp\/v2\/pages\/12175","targetHints":{"allow":["GET"]}}],"collection":[{"href":"https:\/\/parkstrunjan.si\/it\/wp-json\/wp\/v2\/pages"}],"about":[{"href":"https:\/\/parkstrunjan.si\/it\/wp-json\/wp\/v2\/types\/page"}],"author":[{"embeddable":true,"href":"https:\/\/parkstrunjan.si\/it\/wp-json\/wp\/v2\/users\/9"}],"replies":[{"embeddable":true,"href":"https:\/\/parkstrunjan.si\/it\/wp-json\/wp\/v2\/comments?post=12175"}],"version-history":[{"count":0,"href":"https:\/\/parkstrunjan.si\/it\/wp-json\/wp\/v2\/pages\/12175\/revisions"}],"wp:featuredmedia":[{"embeddable":true,"href":"https:\/\/parkstrunjan.si\/it\/wp-json\/wp\/v2\/media\/9433"}],"wp:attachment":[{"href":"https:\/\/parkstrunjan.si\/it\/wp-json\/wp\/v2\/media?parent=12175"}],"curies":[{"name":"wp","href":"https:\/\/api.w.org\/{rel}","templated":true}]}}