{"id":14995,"date":"2025-05-13T10:35:33","date_gmt":"2025-05-13T08:35:33","guid":{"rendered":"https:\/\/parkstrunjan.si\/?page_id=14995"},"modified":"2025-05-13T10:39:29","modified_gmt":"2025-05-13T08:39:29","slug":"14995-2","status":"publish","type":"page","link":"https:\/\/parkstrunjan.si\/it\/14995-2\/","title":{"rendered":"Politica ambientale e Green key"},"content":{"rendered":"<p>L&#8217;Istituto pubblico Parco naturale di Strugnano si impegna ad adottare pratiche ecologiche e sostenibili nella sua attivit\u00e0 quotidiana. Le basi della nostra attivit\u00e0 sono la sostenibilit\u00e0 e la cura dell&#8217;ambiente e della natura in senso lato. Ci sforziamo di essere un esempio per l&#8217;ambiente circostante e di co-creare una societ\u00e0 in cui ogni individuo agisca in modo responsabile e rispettoso dell&#8217;ambiente.<\/p>\n<p>Siamo consapevoli del nostro ruolo sia nella nostra area locale che al di fuori di essa e ci impegniamo per una gestione sostenibile a lungo termine delle nostre attivit\u00e0.<\/p>\n<p>L&#8217;istituzione pubblica del Parco regionale di Strugnano pone l&#8217;accento su:<\/p>\n<p>&#8211; Proteggere l&#8217;ambiente riducendo al minimo l&#8217;impatto delle nostre attivit\u00e0 sull&#8217;ambiente e partecipando a iniziative ambientali e di conservazione.<\/p>\n<p>&#8211; Monitorare le nostre prestazioni ambientali e fissare obiettivi ambientali adeguati.<\/p>\n<p>&#8211; Ridurre la nostra impronta ambientale attraverso la conservazione dell&#8217;energia e dell&#8217;acqua.<\/p>\n<p>&#8211; Riduzione dei rifiuti e riduzione, riutilizzo e riciclaggio attivi (ridurre, riutilizzare, riciclare).<\/p>\n<p>&#8211; Utilizzare prodotti biologici, locali e\/o stagionali con marchio di qualit\u00e0 ecologica o di commercio equo e solidale quando e dove possibile.<\/p>\n<p>&#8211; Educazione del personale e formazione regolare sulle questioni ambientali e di sostenibilit\u00e0.<\/p>\n<p>&#8211; Incoraggiare gli ospiti a partecipare attivamente ai propri sforzi ambientali.<\/p>\n<p>&#8211; Sensibilizzazione alla natura, all&#8217;ambiente e alla sostenibilit\u00e0 durante le visite guidate.<\/p>\n<p>&#8211; Informare i visitatori sulle particolarit\u00e0 dell&#8217;area.<\/p>\n<p>Tradotto con DeepL.com (versione gratuita)<\/p>\n<p data-start=\"1214\" data-end=\"1512\">Nel 2024 la nostra struttura ha ottenuto il marchio ecologico <strong data-start=\"1276\" data-end=\"1289\">Green Key<\/strong> \u2013 il principale standard internazionale per il turismo sostenibile. Questo certificato riflette il nostro impegno a operare in modo responsabile verso l\u2019ambiente e a migliorare costantemente l\u2019uso efficiente delle risorse.<\/p>\n<p data-start=\"1514\" data-end=\"1532\">Ci impegniamo a:<\/p>\n<ul data-start=\"1533\" data-end=\"1687\">\n<li data-start=\"1533\" data-end=\"1580\">\n<p data-start=\"1535\" data-end=\"1580\">gestire le attivit\u00e0 in modo ecocompatibile,<\/p>\n<\/li>\n<li data-start=\"1581\" data-end=\"1624\">\n<p data-start=\"1583\" data-end=\"1624\">sensibilizzare ospiti, amici e parenti,<\/p>\n<\/li>\n<li data-start=\"1625\" data-end=\"1687\">\n<p data-start=\"1627\" data-end=\"1687\">e adottare piccoli gesti quotidiani per un futuro pi\u00f9 verde.<\/p>\n<\/li>\n<\/ul>\n<p data-start=\"1689\" data-end=\"1818\">Vi invitiamo a unirvi al nostro impegno seguendo i consigli per un soggiorno sostenibile. Ogni vostro suggerimento \u00e8 ben accetto!<\/p>\n<p data-start=\"1689\" data-end=\"1818\"><a href=\"http:\/\/www.greenkey.global\"><img loading=\"lazy\" decoding=\"async\" class=\"alignnone size-medium wp-image-13633\" src=\"https:\/\/parkstrunjan.si\/wp-content\/uploads\/2024\/05\/Green-key-279x300.jpg\" alt=\"\" width=\"279\" height=\"300\" srcset=\"https:\/\/parkstrunjan.si\/wp-content\/uploads\/2024\/05\/Green-key-279x300.jpg 279w, https:\/\/parkstrunjan.si\/wp-content\/uploads\/2024\/05\/Green-key.jpg 327w\" sizes=\"auto, (max-width: 279px) 100vw, 279px\" \/><\/a><\/p>\n","protected":false},"excerpt":{"rendered":"<p>L&#8217;Istituto pubblico Parco naturale di Strugnano si impegna ad adottare pratiche ecologiche e sostenibili nella sua attivit\u00e0 quotidiana. Le basi della nostra attivit\u00e0 sono la sostenibilit\u00e0 e la cura dell&#8217;ambiente e della natura in senso lato. Ci sforziamo di essere un esempio per l&#8217;ambiente circostante e di co-creare una societ\u00e0 in cui ogni individuo agisca [&hellip;]<\/p>\n","protected":false},"author":14,"featured_media":9433,"parent":0,"menu_order":3,"comment_status":"closed","ping_status":"closed","template":"","meta":{"_acf_changed":false,"footnotes":""},"class_list":["post-14995","page","type-page","status-publish","has-post-thumbnail","hentry"],"acf":[],"yoast_head":"<!-- This site is optimized with the Yoast SEO plugin v26.8 - https:\/\/yoast.com\/product\/yoast-seo-wordpress\/ -->\n<title>Politica ambientale e Green key | Krajinski park Strunjan<\/title>\n<meta name=\"robots\" content=\"index, follow, max-snippet:-1, max-image-preview:large, max-video-preview:-1\" \/>\n<link rel=\"canonical\" href=\"https:\/\/parkstrunjan.si\/it\/14995-2\/\" \/>\n<meta property=\"og:locale\" content=\"it_IT\" \/>\n<meta property=\"og:type\" content=\"article\" \/>\n<meta property=\"og:title\" content=\"Politica ambientale e Green key | Krajinski park Strunjan\" \/>\n<meta property=\"og:description\" content=\"L&#8217;Istituto pubblico Parco naturale di Strugnano si impegna ad adottare pratiche ecologiche e sostenibili nella sua attivit\u00e0 quotidiana. Le basi della nostra attivit\u00e0 sono la sostenibilit\u00e0 e la cura dell&#8217;ambiente e della natura in senso lato. Ci sforziamo di essere un esempio per l&#8217;ambiente circostante e di co-creare una societ\u00e0 in cui ogni individuo agisca [&hellip;]\" \/>\n<meta property=\"og:url\" content=\"https:\/\/parkstrunjan.si\/it\/14995-2\/\" \/>\n<meta property=\"og:site_name\" content=\"Krajinski park Strunjan\" \/>\n<meta property=\"article:modified_time\" content=\"2025-05-13T08:39:29+00:00\" \/>\n<meta property=\"og:image\" content=\"https:\/\/parkstrunjan.si\/wp-content\/uploads\/2021\/04\/morje_Jaka_Ivancic.jpg\" \/>\n\t<meta property=\"og:image:width\" content=\"1024\" \/>\n\t<meta property=\"og:image:height\" content=\"683\" \/>\n\t<meta property=\"og:image:type\" content=\"image\/jpeg\" \/>\n<meta name=\"twitter:card\" content=\"summary_large_image\" \/>\n<meta name=\"twitter:label1\" content=\"Tempo di lettura stimato\" \/>\n\t<meta name=\"twitter:data1\" content=\"3 minuti\" \/>\n<script type=\"application\/ld+json\" class=\"yoast-schema-graph\">{\"@context\":\"https:\/\/schema.org\",\"@graph\":[{\"@type\":\"WebPage\",\"@id\":\"https:\/\/parkstrunjan.si\/it\/14995-2\/\",\"url\":\"https:\/\/parkstrunjan.si\/it\/14995-2\/\",\"name\":\"Politica ambientale e Green key | Krajinski park Strunjan\",\"isPartOf\":{\"@id\":\"https:\/\/parkstrunjan.si\/#website\"},\"primaryImageOfPage\":{\"@id\":\"https:\/\/parkstrunjan.si\/it\/14995-2\/#primaryimage\"},\"image\":{\"@id\":\"https:\/\/parkstrunjan.si\/it\/14995-2\/#primaryimage\"},\"thumbnailUrl\":\"https:\/\/parkstrunjan.si\/wp-content\/uploads\/2021\/04\/morje_Jaka_Ivancic.jpg\",\"datePublished\":\"2025-05-13T08:35:33+00:00\",\"dateModified\":\"2025-05-13T08:39:29+00:00\",\"breadcrumb\":{\"@id\":\"https:\/\/parkstrunjan.si\/it\/14995-2\/#breadcrumb\"},\"inLanguage\":\"it-IT\",\"potentialAction\":[{\"@type\":\"ReadAction\",\"target\":[\"https:\/\/parkstrunjan.si\/it\/14995-2\/\"]}]},{\"@type\":\"ImageObject\",\"inLanguage\":\"it-IT\",\"@id\":\"https:\/\/parkstrunjan.si\/it\/14995-2\/#primaryimage\",\"url\":\"https:\/\/parkstrunjan.si\/wp-content\/uploads\/2021\/04\/morje_Jaka_Ivancic.jpg\",\"contentUrl\":\"https:\/\/parkstrunjan.si\/wp-content\/uploads\/2021\/04\/morje_Jaka_Ivancic.jpg\",\"width\":1920,\"height\":1280},{\"@type\":\"BreadcrumbList\",\"@id\":\"https:\/\/parkstrunjan.si\/it\/14995-2\/#breadcrumb\",\"itemListElement\":[{\"@type\":\"ListItem\",\"position\":1,\"name\":\"Home\",\"item\":\"https:\/\/parkstrunjan.si\/it\/\"},{\"@type\":\"ListItem\",\"position\":2,\"name\":\"Politica ambientale e Green key\"}]},{\"@type\":\"WebSite\",\"@id\":\"https:\/\/parkstrunjan.si\/#website\",\"url\":\"https:\/\/parkstrunjan.si\/\",\"name\":\"Krajinski park Strunjan\",\"description\":\"Kjer se sre\u010dujeta kopno in morje\",\"publisher\":{\"@id\":\"https:\/\/parkstrunjan.si\/#organization\"},\"potentialAction\":[{\"@type\":\"SearchAction\",\"target\":{\"@type\":\"EntryPoint\",\"urlTemplate\":\"https:\/\/parkstrunjan.si\/?s={search_term_string}\"},\"query-input\":{\"@type\":\"PropertyValueSpecification\",\"valueRequired\":true,\"valueName\":\"search_term_string\"}}],\"inLanguage\":\"it-IT\"},{\"@type\":\"Organization\",\"@id\":\"https:\/\/parkstrunjan.si\/#organization\",\"name\":\"Krajinski park Strunjan\",\"url\":\"https:\/\/parkstrunjan.si\/\",\"logo\":{\"@type\":\"ImageObject\",\"inLanguage\":\"it-IT\",\"@id\":\"https:\/\/parkstrunjan.si\/#\/schema\/logo\/image\/\",\"url\":\"https:\/\/parkstrunjan.si\/wp-content\/uploads\/2019\/04\/www_parkstrunjan_si_422aadf1f29e0bd85fddab969ddc1b56.png\",\"contentUrl\":\"https:\/\/parkstrunjan.si\/wp-content\/uploads\/2019\/04\/www_parkstrunjan_si_422aadf1f29e0bd85fddab969ddc1b56.png\",\"width\":311,\"height\":339,\"caption\":\"Krajinski park Strunjan\"},\"image\":{\"@id\":\"https:\/\/parkstrunjan.si\/#\/schema\/logo\/image\/\"}}]}<\/script>\n<!-- \/ Yoast SEO plugin. -->","yoast_head_json":{"title":"Politica ambientale e Green key | Krajinski park Strunjan","robots":{"index":"index","follow":"follow","max-snippet":"max-snippet:-1","max-image-preview":"max-image-preview:large","max-video-preview":"max-video-preview:-1"},"canonical":"https:\/\/parkstrunjan.si\/it\/14995-2\/","og_locale":"it_IT","og_type":"article","og_title":"Politica ambientale e Green key | Krajinski park Strunjan","og_description":"L&#8217;Istituto pubblico Parco naturale di Strugnano si impegna ad adottare pratiche ecologiche e sostenibili nella sua attivit\u00e0 quotidiana. Le basi della nostra attivit\u00e0 sono la sostenibilit\u00e0 e la cura dell&#8217;ambiente e della natura in senso lato. Ci sforziamo di essere un esempio per l&#8217;ambiente circostante e di co-creare una societ\u00e0 in cui ogni individuo agisca [&hellip;]","og_url":"https:\/\/parkstrunjan.si\/it\/14995-2\/","og_site_name":"Krajinski park Strunjan","article_modified_time":"2025-05-13T08:39:29+00:00","og_image":[{"url":"https:\/\/parkstrunjan.si\/wp-content\/uploads\/2021\/04\/morje_Jaka_Ivancic.jpg","width":1024,"height":683,"type":"image\/jpeg"}],"twitter_card":"summary_large_image","twitter_misc":{"Tempo di lettura stimato":"3 minuti"},"schema":{"@context":"https:\/\/schema.org","@graph":[{"@type":"WebPage","@id":"https:\/\/parkstrunjan.si\/it\/14995-2\/","url":"https:\/\/parkstrunjan.si\/it\/14995-2\/","name":"Politica ambientale e Green key | Krajinski park Strunjan","isPartOf":{"@id":"https:\/\/parkstrunjan.si\/#website"},"primaryImageOfPage":{"@id":"https:\/\/parkstrunjan.si\/it\/14995-2\/#primaryimage"},"image":{"@id":"https:\/\/parkstrunjan.si\/it\/14995-2\/#primaryimage"},"thumbnailUrl":"https:\/\/parkstrunjan.si\/wp-content\/uploads\/2021\/04\/morje_Jaka_Ivancic.jpg","datePublished":"2025-05-13T08:35:33+00:00","dateModified":"2025-05-13T08:39:29+00:00","breadcrumb":{"@id":"https:\/\/parkstrunjan.si\/it\/14995-2\/#breadcrumb"},"inLanguage":"it-IT","potentialAction":[{"@type":"ReadAction","target":["https:\/\/parkstrunjan.si\/it\/14995-2\/"]}]},{"@type":"ImageObject","inLanguage":"it-IT","@id":"https:\/\/parkstrunjan.si\/it\/14995-2\/#primaryimage","url":"https:\/\/parkstrunjan.si\/wp-content\/uploads\/2021\/04\/morje_Jaka_Ivancic.jpg","contentUrl":"https:\/\/parkstrunjan.si\/wp-content\/uploads\/2021\/04\/morje_Jaka_Ivancic.jpg","width":1920,"height":1280},{"@type":"BreadcrumbList","@id":"https:\/\/parkstrunjan.si\/it\/14995-2\/#breadcrumb","itemListElement":[{"@type":"ListItem","position":1,"name":"Home","item":"https:\/\/parkstrunjan.si\/it\/"},{"@type":"ListItem","position":2,"name":"Politica ambientale e Green key"}]},{"@type":"WebSite","@id":"https:\/\/parkstrunjan.si\/#website","url":"https:\/\/parkstrunjan.si\/","name":"Krajinski park Strunjan","description":"Kjer se sre\u010dujeta kopno in morje","publisher":{"@id":"https:\/\/parkstrunjan.si\/#organization"},"potentialAction":[{"@type":"SearchAction","target":{"@type":"EntryPoint","urlTemplate":"https:\/\/parkstrunjan.si\/?s={search_term_string}"},"query-input":{"@type":"PropertyValueSpecification","valueRequired":true,"valueName":"search_term_string"}}],"inLanguage":"it-IT"},{"@type":"Organization","@id":"https:\/\/parkstrunjan.si\/#organization","name":"Krajinski park Strunjan","url":"https:\/\/parkstrunjan.si\/","logo":{"@type":"ImageObject","inLanguage":"it-IT","@id":"https:\/\/parkstrunjan.si\/#\/schema\/logo\/image\/","url":"https:\/\/parkstrunjan.si\/wp-content\/uploads\/2019\/04\/www_parkstrunjan_si_422aadf1f29e0bd85fddab969ddc1b56.png","contentUrl":"https:\/\/parkstrunjan.si\/wp-content\/uploads\/2019\/04\/www_parkstrunjan_si_422aadf1f29e0bd85fddab969ddc1b56.png","width":311,"height":339,"caption":"Krajinski park Strunjan"},"image":{"@id":"https:\/\/parkstrunjan.si\/#\/schema\/logo\/image\/"}}]}},"_links":{"self":[{"href":"https:\/\/parkstrunjan.si\/it\/wp-json\/wp\/v2\/pages\/14995","targetHints":{"allow":["GET"]}}],"collection":[{"href":"https:\/\/parkstrunjan.si\/it\/wp-json\/wp\/v2\/pages"}],"about":[{"href":"https:\/\/parkstrunjan.si\/it\/wp-json\/wp\/v2\/types\/page"}],"author":[{"embeddable":true,"href":"https:\/\/parkstrunjan.si\/it\/wp-json\/wp\/v2\/users\/14"}],"replies":[{"embeddable":true,"href":"https:\/\/parkstrunjan.si\/it\/wp-json\/wp\/v2\/comments?post=14995"}],"version-history":[{"count":0,"href":"https:\/\/parkstrunjan.si\/it\/wp-json\/wp\/v2\/pages\/14995\/revisions"}],"wp:featuredmedia":[{"embeddable":true,"href":"https:\/\/parkstrunjan.si\/it\/wp-json\/wp\/v2\/media\/9433"}],"wp:attachment":[{"href":"https:\/\/parkstrunjan.si\/it\/wp-json\/wp\/v2\/media?parent=14995"}],"curies":[{"name":"wp","href":"https:\/\/api.w.org\/{rel}","templated":true}]}}