{"id":3327,"date":"2019-04-30T12:58:46","date_gmt":"2019-04-30T11:58:46","guid":{"rendered":"https:\/\/parkstrunjan.si\/privezna-mesta\/"},"modified":"2021-06-08T13:10:08","modified_gmt":"2021-06-08T11:10:08","slug":"posti-di-ormeggio-tradizionali","status":"publish","type":"page","link":"https:\/\/parkstrunjan.si\/it\/posti-di-ormeggio-tradizionali\/","title":{"rendered":"Posti di ormeggio tradizionali"},"content":{"rendered":"<p><section class=\"kc-elm kc-css-563911 kc_row\"><div class=\"kc-row-container  kc-container\"><div class=\"kc-wrap-columns\"><div class=\"kc-elm kc-css-277428 kc_col-sm-12 kc_column kc_col-sm-12\"><div class=\"kc-col-container\"><div class=\"kc-elm kc-css-946152 kc_text_block\"><\/p>\n<h3>Posti di ormeggio tradizionali<\/h3>\n<p>In aggiunta alla tutela dei valori naturali e della diversit\u00e0 biotica, il compito dell\u2019Istituto pubblico Parco naturale Strugnano \u00e8 anche la conservazione del paesaggio culturale.<\/p>\n<p>\n<\/div><\/div><\/div><\/div><\/div><\/section><section class=\"kc-elm kc-css-441790 kc_row\"><div class=\"kc-row-container  kc-container\"><div class=\"kc-wrap-columns\"><div class=\"kc-elm kc-css-800591 kc_col-sm-12 kc_column kc_col-sm-12\"><div class=\"kc-col-container\"><div data-allowopenall=\"true\" data-closeall=\"true\" class=\"kc-elm kc-css-984865 kc_accordion_wrapper\">\n<div class=\"kc-elm kc-css-256404 kc_accordion_section group \"><h3 class=\"kc_accordion_header ui-accordion-header\"><span class=\"ui-accordion-header-icon ui-icon\"><\/span><a href=\"#leggi-di-piu-sui-posti-di-ormeggio-tradizionali\" data-prevent=\"scroll\"><i class=\"\"><\/i> Leggi di pi\u00f9 sui posti di ormeggio tradizionali<\/a><\/h3><div class=\"kc_accordion_content ui-accordion-content kc_clearfix\"><div class=\"kc-panel-body\"><div class=\"kc-elm kc-css-70741 kc_text_block\"><\/p>\n<p>Fino a pochi anni fa, i canali e le dighe intorno alle saline di Strugnano che si usavano per l\u2019attracco delle imbarcazioni erano in pessimo stato. I posti di ormeggio erano improvvisati, la banchina costruita con muro a secco cadeva a pezzi, i depositi di limo impedivano la navigazione gi\u00e0 ai primi segni di bassa marea e l\u2019aspetto dei canali era ulteriormente deturpato da diversi natanti abbandonati e persino affondati.<\/p>\n<p>Nel 2010 \u00e8 stato portato a termine il risanamento della parte bassa della diga lungo il torrente Roja nel sudovest delle saline di Strugnano e quindi soddisfatto il requisito che avrebbe permesso all\u2019Istituto nel 2014 la realizzazione di posti di ormeggio tradizionali, disposti tra il ponte usato dai salinari per accedere all\u2019area di lavoro e il ponte dove il Roja si getta nel mare.<\/p>\n<p>Nel 2015 l\u2019Istituto ha provveduto all\u2019attuazione di strutture di ormeggio anche nella parte meridionale del mandracchio e lungo il canale di comunicazione della laguna Chiusa adiacente alle saline di Strugnano. In precedenza, nell\u2019ambito del progetto Saltworks, svoltosi negli anni 2012 e 2013, era stata risanata anche la diga settentrionale delle saline.<\/p>\n<p>Gli ormeggi sono stati allestiti con minima intrusione nell\u2019ambiente. La diga \u00e8 stata riattata con arenaria e sono stati sistemati dei parabordi in legno per proteggere la banchina dagli urti e sfregamenti delle imbarcazioni. Alla fine si \u00e8 potuto realizzare un totale di 113 punti di ormeggio tradizionali.<\/p>\n<p>Rispettando il patrimonio naturale e culturale, gli utenti degli ormeggi aiutano a preservare le amenit\u00e0 naturali del parco.<\/p>\n<p>\n<\/div><\/div><\/div><\/div><div class=\"kc-elm kc-css-509003 kc_accordion_section group \"><h3 class=\"kc_accordion_header ui-accordion-header\"><span class=\"ui-accordion-header-icon ui-icon\"><\/span><a href=\"#listino-posti-ormeggio-tradizionali\" data-prevent=\"scroll\"><i class=\"\"><\/i> Listino posti ormeggio tradizionali<\/a><\/h3><div class=\"kc_accordion_content ui-accordion-content kc_clearfix\"><div class=\"kc-panel-body\"><div class=\"kc-elm kc-css-801378 kc_text_block\"><\/p>\n<table border=\"1\" cellspacing=\"0\" cellpadding=\"0\">\n<tbody>\n<tr>\n<td colspan=\"2\" valign=\"top\" width=\"604\">\n<p align=\"center\">Listino prezzi<\/p>\n<p align=\"center\">Posti di ormeggio tradizionali nel Parco naturale Strugnano<\/p>\n<\/td>\n<\/tr>\n<tr>\n<td valign=\"top\" width=\"302\">\n<p align=\"center\">Lunghezza<\/p>\n<\/td>\n<td valign=\"top\" width=\"302\">\n<p align=\"center\">Canone annuale in EUR<\/p>\n<\/td>\n<\/tr>\n<tr>\n<td valign=\"top\" width=\"302\">\n<p align=\"center\">fino a 4 m<\/p>\n<\/td>\n<td valign=\"top\" width=\"302\">\n<p align=\"center\">241,56<\/p>\n<\/td>\n<\/tr>\n<tr>\n<td valign=\"top\" width=\"302\">\n<p align=\"center\">4 &#8211; 5 m<\/p>\n<\/td>\n<td valign=\"top\" width=\"302\">\n<p align=\"center\">351,36<\/p>\n<\/td>\n<\/tr>\n<tr>\n<td valign=\"top\" width=\"302\">\n<p align=\"center\">5 &#8211; 6 m<\/p>\n<\/td>\n<td valign=\"top\" width=\"302\">\n<p align=\"center\">472,14<\/p>\n<\/td>\n<\/tr>\n<tr>\n<td valign=\"top\" width=\"302\">\n<p align=\"center\">6 &#8211; 7 m<\/p>\n<\/td>\n<td valign=\"top\" width=\"302\">\n<p align=\"center\">713,70<\/p>\n<\/td>\n<\/tr>\n<\/tbody>\n<\/table>\n<p>Il listino prezzi \u00e8 valido dal 16. 1. 2018.<br \/>Tutti i prezzi includono l\u2019IVA.<\/p>\n<p>Per le barche tradizionali in legno, il canone annuale \u00e8 fissato alla met\u00e0 del prezzo normale indicato nella tabella. La condizione \u00e8 che la barca sia di legno.<\/p>\n<p>\n<\/div><\/div><\/div><\/div><div class=\"kc-elm kc-css-786822 kc_accordion_section group \"><h3 class=\"kc_accordion_header ui-accordion-header\"><span class=\"ui-accordion-header-icon ui-icon\"><\/span><a href=\"#contatto\" data-prevent=\"scroll\"><i class=\"\"><\/i> Contatto<\/a><\/h3><div class=\"kc_accordion_content ui-accordion-content kc_clearfix\"><div class=\"kc-panel-body\"><div class=\"kc-elm kc-css-659778 kc_text_block\"><\/p>\n<p>Per qualsiasi domanda riguardante i posti di ormeggio tradizionali, siamo disponibili all&#039;indirizzo <a href=\"mailto:luka.kastelic@gov.si\">luka.kastelic@gov.si<\/a> o al numero di tel. <a href=\"tel:082051883\" target=\"_blank\" rel=\"noopener noreferrer\">08 205 18 83<\/a><\/p>\n<p>\n<\/div><\/div><\/div><\/div><\/div>\n<\/div><\/div><\/div><\/div><\/section><section class=\"kc-elm kc-css-172862 kc_row\"><div class=\"kc-row-container  kc-container\"><div class=\"kc-wrap-columns\"><div class=\"kc-elm kc-css-341388 kc_col-sm-12 kc_column kc_col-sm-12\"><div class=\"kc-col-container\"><div class=\"kc-image-gallery kc-elm kc-css-964032\">\n<div class=\"kc_image_gallery kc-carousel-image kc-grid  gallery-columns-2\">\n                    <figure class=\"gallery-item\">\n                        <div class=\"gallery-icon landscape\">\n                            <a href=\"https:\/\/parkstrunjan.si\/wp-content\/uploads\/2019\/06\/oglas-privezi-strunjan.jpg\"\n                               data-fancybox=\"gallery-17541830\">\n                                <img decoding=\"async\" src=\"https:\/\/parkstrunjan.si\/wp-content\/uploads\/2019\/06\/oglas-privezi-strunjan.jpg\" alt=\"\">                             <\/a>\n                            <p><\/p>\n                        <\/div>\n                    <\/figure>\n\t\t\t\t                        <figure class=\"gallery-item\">\n                        <div class=\"gallery-icon landscape\">\n                            <a href=\"https:\/\/parkstrunjan.si\/wp-content\/uploads\/2019\/06\/privezna-mesta.jpg\"\n                               data-fancybox=\"gallery-17541830\">\n                                <img decoding=\"async\" src=\"https:\/\/parkstrunjan.si\/wp-content\/uploads\/2019\/06\/privezna-mesta.jpg\" alt=\"\">                             <\/a>\n                            <p><\/p>\n                        <\/div>\n                    <\/figure>\n\t\t\t\t    <\/div>\n<\/div><\/div><\/div><\/div><\/div><\/section><section class=\"kc-elm kc-css-687724 kc_row\"><div class=\"kc-row-container  kc-container\"><div class=\"kc-wrap-columns\"><div class=\"kc-elm kc-css-901879 kc_col-sm-12 kc_column kc_col-sm-12\"><div class=\"kc-col-container\"><div class=\"kc-elm kc-css-935063 kc_text_block\"><\/p>\n<p>\n(Tutti i documenti elencati sotto sono in lingua slovena.)<\/p>\n<p>\n<\/div><\/div><\/div><\/div><\/div><\/section><\/p>\n","protected":false},"excerpt":{"rendered":"","protected":false},"author":9,"featured_media":3329,"parent":0,"menu_order":90,"comment_status":"closed","ping_status":"closed","template":"","meta":{"_acf_changed":false,"footnotes":""},"class_list":["post-3327","page","type-page","status-publish","has-post-thumbnail","hentry"],"acf":[],"yoast_head":"<!-- This site is optimized with the Yoast SEO plugin v26.8 - https:\/\/yoast.com\/product\/yoast-seo-wordpress\/ -->\n<title>Posti di ormeggio tradizionali | Krajinski park Strunjan<\/title>\n<meta name=\"robots\" content=\"index, follow, max-snippet:-1, max-image-preview:large, max-video-preview:-1\" \/>\n<link rel=\"canonical\" href=\"https:\/\/parkstrunjan.si\/it\/posti-di-ormeggio-tradizionali\/\" \/>\n<meta property=\"og:locale\" content=\"it_IT\" \/>\n<meta property=\"og:type\" content=\"article\" \/>\n<meta property=\"og:title\" content=\"Posti di ormeggio tradizionali | Krajinski park Strunjan\" \/>\n<meta property=\"og:description\" content=\"Posti di ormeggio tradizionali In aggiunta alla tutela dei valori naturali e della diversit\u00e0 biotica, il compito dell\u2019Istituto pubblico Parco naturale Strugnano \u00e8 anche la conservazione del paesaggio culturale. Leggi di pi\u00f9 sui posti di ormeggio tradizionali Fino a pochi anni fa, i canali e le dighe intorno alle saline di Strugnano che si usavano [&hellip;]\" \/>\n<meta property=\"og:url\" content=\"https:\/\/parkstrunjan.si\/it\/posti-di-ormeggio-tradizionali\/\" \/>\n<meta property=\"og:site_name\" content=\"Krajinski park Strunjan\" \/>\n<meta property=\"article:modified_time\" content=\"2021-06-08T11:10:08+00:00\" \/>\n<meta property=\"og:image\" content=\"https:\/\/parkstrunjan.si\/wp-content\/uploads\/2019\/06\/privezna_mesta.jpg\" \/>\n\t<meta property=\"og:image:width\" content=\"1920\" \/>\n\t<meta property=\"og:image:height\" content=\"500\" \/>\n\t<meta property=\"og:image:type\" content=\"image\/jpeg\" \/>\n<meta name=\"twitter:card\" content=\"summary_large_image\" \/>\n<meta name=\"twitter:label1\" content=\"Tempo di lettura stimato\" \/>\n\t<meta name=\"twitter:data1\" content=\"2 minuti\" \/>\n<script type=\"application\/ld+json\" class=\"yoast-schema-graph\">{\"@context\":\"https:\/\/schema.org\",\"@graph\":[{\"@type\":\"WebPage\",\"@id\":\"https:\/\/parkstrunjan.si\/it\/posti-di-ormeggio-tradizionali\/\",\"url\":\"https:\/\/parkstrunjan.si\/it\/posti-di-ormeggio-tradizionali\/\",\"name\":\"Posti di ormeggio tradizionali | Krajinski park Strunjan\",\"isPartOf\":{\"@id\":\"https:\/\/parkstrunjan.si\/#website\"},\"primaryImageOfPage\":{\"@id\":\"https:\/\/parkstrunjan.si\/it\/posti-di-ormeggio-tradizionali\/#primaryimage\"},\"image\":{\"@id\":\"https:\/\/parkstrunjan.si\/it\/posti-di-ormeggio-tradizionali\/#primaryimage\"},\"thumbnailUrl\":\"https:\/\/parkstrunjan.si\/wp-content\/uploads\/2019\/06\/privezna_mesta.jpg\",\"datePublished\":\"2019-04-30T11:58:46+00:00\",\"dateModified\":\"2021-06-08T11:10:08+00:00\",\"breadcrumb\":{\"@id\":\"https:\/\/parkstrunjan.si\/it\/posti-di-ormeggio-tradizionali\/#breadcrumb\"},\"inLanguage\":\"it-IT\",\"potentialAction\":[{\"@type\":\"ReadAction\",\"target\":[\"https:\/\/parkstrunjan.si\/it\/posti-di-ormeggio-tradizionali\/\"]}]},{\"@type\":\"ImageObject\",\"inLanguage\":\"it-IT\",\"@id\":\"https:\/\/parkstrunjan.si\/it\/posti-di-ormeggio-tradizionali\/#primaryimage\",\"url\":\"https:\/\/parkstrunjan.si\/wp-content\/uploads\/2019\/06\/privezna_mesta.jpg\",\"contentUrl\":\"https:\/\/parkstrunjan.si\/wp-content\/uploads\/2019\/06\/privezna_mesta.jpg\",\"width\":1920,\"height\":500},{\"@type\":\"BreadcrumbList\",\"@id\":\"https:\/\/parkstrunjan.si\/it\/posti-di-ormeggio-tradizionali\/#breadcrumb\",\"itemListElement\":[{\"@type\":\"ListItem\",\"position\":1,\"name\":\"Home\",\"item\":\"https:\/\/parkstrunjan.si\/it\/\"},{\"@type\":\"ListItem\",\"position\":2,\"name\":\"Posti di ormeggio tradizionali\"}]},{\"@type\":\"WebSite\",\"@id\":\"https:\/\/parkstrunjan.si\/#website\",\"url\":\"https:\/\/parkstrunjan.si\/\",\"name\":\"Krajinski park Strunjan\",\"description\":\"Kjer se sre\u010dujeta kopno in morje\",\"publisher\":{\"@id\":\"https:\/\/parkstrunjan.si\/#organization\"},\"potentialAction\":[{\"@type\":\"SearchAction\",\"target\":{\"@type\":\"EntryPoint\",\"urlTemplate\":\"https:\/\/parkstrunjan.si\/?s={search_term_string}\"},\"query-input\":{\"@type\":\"PropertyValueSpecification\",\"valueRequired\":true,\"valueName\":\"search_term_string\"}}],\"inLanguage\":\"it-IT\"},{\"@type\":\"Organization\",\"@id\":\"https:\/\/parkstrunjan.si\/#organization\",\"name\":\"Krajinski park Strunjan\",\"url\":\"https:\/\/parkstrunjan.si\/\",\"logo\":{\"@type\":\"ImageObject\",\"inLanguage\":\"it-IT\",\"@id\":\"https:\/\/parkstrunjan.si\/#\/schema\/logo\/image\/\",\"url\":\"https:\/\/parkstrunjan.si\/wp-content\/uploads\/2019\/04\/www_parkstrunjan_si_422aadf1f29e0bd85fddab969ddc1b56.png\",\"contentUrl\":\"https:\/\/parkstrunjan.si\/wp-content\/uploads\/2019\/04\/www_parkstrunjan_si_422aadf1f29e0bd85fddab969ddc1b56.png\",\"width\":311,\"height\":339,\"caption\":\"Krajinski park Strunjan\"},\"image\":{\"@id\":\"https:\/\/parkstrunjan.si\/#\/schema\/logo\/image\/\"}}]}<\/script>\n<!-- \/ Yoast SEO plugin. -->","yoast_head_json":{"title":"Posti di ormeggio tradizionali | Krajinski park Strunjan","robots":{"index":"index","follow":"follow","max-snippet":"max-snippet:-1","max-image-preview":"max-image-preview:large","max-video-preview":"max-video-preview:-1"},"canonical":"https:\/\/parkstrunjan.si\/it\/posti-di-ormeggio-tradizionali\/","og_locale":"it_IT","og_type":"article","og_title":"Posti di ormeggio tradizionali | Krajinski park Strunjan","og_description":"Posti di ormeggio tradizionali In aggiunta alla tutela dei valori naturali e della diversit\u00e0 biotica, il compito dell\u2019Istituto pubblico Parco naturale Strugnano \u00e8 anche la conservazione del paesaggio culturale. Leggi di pi\u00f9 sui posti di ormeggio tradizionali Fino a pochi anni fa, i canali e le dighe intorno alle saline di Strugnano che si usavano [&hellip;]","og_url":"https:\/\/parkstrunjan.si\/it\/posti-di-ormeggio-tradizionali\/","og_site_name":"Krajinski park Strunjan","article_modified_time":"2021-06-08T11:10:08+00:00","og_image":[{"width":1920,"height":500,"url":"https:\/\/parkstrunjan.si\/wp-content\/uploads\/2019\/06\/privezna_mesta.jpg","type":"image\/jpeg"}],"twitter_card":"summary_large_image","twitter_misc":{"Tempo di lettura stimato":"2 minuti"},"schema":{"@context":"https:\/\/schema.org","@graph":[{"@type":"WebPage","@id":"https:\/\/parkstrunjan.si\/it\/posti-di-ormeggio-tradizionali\/","url":"https:\/\/parkstrunjan.si\/it\/posti-di-ormeggio-tradizionali\/","name":"Posti di ormeggio tradizionali | Krajinski park Strunjan","isPartOf":{"@id":"https:\/\/parkstrunjan.si\/#website"},"primaryImageOfPage":{"@id":"https:\/\/parkstrunjan.si\/it\/posti-di-ormeggio-tradizionali\/#primaryimage"},"image":{"@id":"https:\/\/parkstrunjan.si\/it\/posti-di-ormeggio-tradizionali\/#primaryimage"},"thumbnailUrl":"https:\/\/parkstrunjan.si\/wp-content\/uploads\/2019\/06\/privezna_mesta.jpg","datePublished":"2019-04-30T11:58:46+00:00","dateModified":"2021-06-08T11:10:08+00:00","breadcrumb":{"@id":"https:\/\/parkstrunjan.si\/it\/posti-di-ormeggio-tradizionali\/#breadcrumb"},"inLanguage":"it-IT","potentialAction":[{"@type":"ReadAction","target":["https:\/\/parkstrunjan.si\/it\/posti-di-ormeggio-tradizionali\/"]}]},{"@type":"ImageObject","inLanguage":"it-IT","@id":"https:\/\/parkstrunjan.si\/it\/posti-di-ormeggio-tradizionali\/#primaryimage","url":"https:\/\/parkstrunjan.si\/wp-content\/uploads\/2019\/06\/privezna_mesta.jpg","contentUrl":"https:\/\/parkstrunjan.si\/wp-content\/uploads\/2019\/06\/privezna_mesta.jpg","width":1920,"height":500},{"@type":"BreadcrumbList","@id":"https:\/\/parkstrunjan.si\/it\/posti-di-ormeggio-tradizionali\/#breadcrumb","itemListElement":[{"@type":"ListItem","position":1,"name":"Home","item":"https:\/\/parkstrunjan.si\/it\/"},{"@type":"ListItem","position":2,"name":"Posti di ormeggio tradizionali"}]},{"@type":"WebSite","@id":"https:\/\/parkstrunjan.si\/#website","url":"https:\/\/parkstrunjan.si\/","name":"Krajinski park Strunjan","description":"Kjer se sre\u010dujeta kopno in morje","publisher":{"@id":"https:\/\/parkstrunjan.si\/#organization"},"potentialAction":[{"@type":"SearchAction","target":{"@type":"EntryPoint","urlTemplate":"https:\/\/parkstrunjan.si\/?s={search_term_string}"},"query-input":{"@type":"PropertyValueSpecification","valueRequired":true,"valueName":"search_term_string"}}],"inLanguage":"it-IT"},{"@type":"Organization","@id":"https:\/\/parkstrunjan.si\/#organization","name":"Krajinski park Strunjan","url":"https:\/\/parkstrunjan.si\/","logo":{"@type":"ImageObject","inLanguage":"it-IT","@id":"https:\/\/parkstrunjan.si\/#\/schema\/logo\/image\/","url":"https:\/\/parkstrunjan.si\/wp-content\/uploads\/2019\/04\/www_parkstrunjan_si_422aadf1f29e0bd85fddab969ddc1b56.png","contentUrl":"https:\/\/parkstrunjan.si\/wp-content\/uploads\/2019\/04\/www_parkstrunjan_si_422aadf1f29e0bd85fddab969ddc1b56.png","width":311,"height":339,"caption":"Krajinski park Strunjan"},"image":{"@id":"https:\/\/parkstrunjan.si\/#\/schema\/logo\/image\/"}}]}},"_links":{"self":[{"href":"https:\/\/parkstrunjan.si\/it\/wp-json\/wp\/v2\/pages\/3327","targetHints":{"allow":["GET"]}}],"collection":[{"href":"https:\/\/parkstrunjan.si\/it\/wp-json\/wp\/v2\/pages"}],"about":[{"href":"https:\/\/parkstrunjan.si\/it\/wp-json\/wp\/v2\/types\/page"}],"author":[{"embeddable":true,"href":"https:\/\/parkstrunjan.si\/it\/wp-json\/wp\/v2\/users\/9"}],"replies":[{"embeddable":true,"href":"https:\/\/parkstrunjan.si\/it\/wp-json\/wp\/v2\/comments?post=3327"}],"version-history":[{"count":0,"href":"https:\/\/parkstrunjan.si\/it\/wp-json\/wp\/v2\/pages\/3327\/revisions"}],"wp:featuredmedia":[{"embeddable":true,"href":"https:\/\/parkstrunjan.si\/it\/wp-json\/wp\/v2\/media\/3329"}],"wp:attachment":[{"href":"https:\/\/parkstrunjan.si\/it\/wp-json\/wp\/v2\/media?parent=3327"}],"curies":[{"name":"wp","href":"https:\/\/api.w.org\/{rel}","templated":true}]}}