{"id":5991,"date":"2018-10-30T15:33:57","date_gmt":"2018-10-30T14:33:57","guid":{"rendered":"https:\/\/parkstrunjan.si\/nacrtuj-obisk\/"},"modified":"2025-05-13T10:58:52","modified_gmt":"2025-05-13T08:58:52","slug":"visitare-il-parco","status":"publish","type":"page","link":"https:\/\/parkstrunjan.si\/it\/visitare-il-parco\/","title":{"rendered":"Visitare il parco"},"content":{"rendered":"<p><section class=\"kc-elm kc-css-314232 kc_row\"><div class=\"kc-row-container  kc-container\"><div class=\"kc-wrap-columns\"><div class=\"kc-elm kc-css-410281 kc_col-sm-12 kc_column kc_col-sm-12\"><div class=\"kc-col-container\"><div class=\"kc-elm kc-css-871047 kc_text_block\"><\/p>\n<h3>Visitare il Parco<\/h3>\n<p>Parco naturale Strugnano \u00e8 uno dei parchi sloveni pi\u00f9 piccoli, ma di una variet\u00e0 eguagliata da pochi. Per questo \u00e8 in grado di offrire un\u2019esperienza a tutto campo sia ai visitatori giornalieri sia a turisti soggiornanti nell\u2019area che possono concedersi pi\u00f9 tempo per le escursioni. Le nostre visite guidate vi daranno un assaggio della regione costiera della Slovenia e dell\u2019Istria, ma chi volesse vivere il parco in modo pi\u00f9 approfondito, scoprir\u00e0 che per apprezzare appieno l\u2019ambiente naturale e le testimonianze della storia umana e cultura che vi si trovano, bisogner\u00e0 ritornare ancora, persino dopo una settimana di visite o due.<\/p>\n<p>\n<\/div><div class=\"kc-elm kc-css-836428 kc_text_block\"><\/p>\n<p>\u00c8 possibile esplorare il parco sia in modo autonomo sia accompagnati dalle nostre guide. Le visite guidate, comunque, sono disponibili solo su appuntamento previa tempestiva prenotazione.<\/p>\n<p>Al centro informazioni situato in una delle case dei salinari potete visitare la mostra intitolata <em>Il parco del mare<\/em>. A completare l\u2019esposizione, la proiezione del film sul Parco naturale Strugnano.<\/p>\n<p>Visita il Parco Naturale di Strugnano a piedi, in bicicletta o con i mezzi pubblici. Cos\u00ec aiuti a proteggere l\u2019ambiente, ridurre il traffico e mantenere la tranquillit\u00e0 del parco. Il tuo gesto conta \u2013 rispetta la natura, scegli la mobilit\u00e0 sostenibile!<\/p>\n<p>\n<\/div><\/div><\/div><\/div><\/div><\/section><section data-kc-fullwidth=\"content\" class=\"kc-elm kc-css-881417 kc_row oparku-presezniki-grid\"><div class=\"kc-row-container\"><div class=\"kc-wrap-columns\"><div class=\"kc-elm kc-css-147532 kc_col-sm-12 kc_column kc_col-sm-12\"><div class=\"kc-col-container\"><div class=\"kc-elm kc-css-880346 kc-raw-code\">    <div class=\"nacrtuj-obisk-flex\">\n                                    <a href=\"https:\/\/parkstrunjan.si\/it\/attivita\/centro-del-parco-naturale-strugnano\/\">\n                    <div class=\"nacrtuj-obisk\">\n                        <div class=\"nacrtuj-obisk-title-image\"\n                             style=\"background-image: url('https:\/\/parkstrunjan.si\/wp-content\/uploads\/2019\/07\/www_parkstrunjan_si_62a0f5874deacfba4fcb514669040413-1-720x400.jpg')\">\n                            <h3>Centro del Parco naturale Strugnano<\/h3>\n                        <\/div>\n                        <div class=\"nacrtuj-obisk-content\">\n                                                        <p>Il Centro per i visitatori accoglie una mostra sul Parco naturale Strugnano. A completare l\u2019esposizione, la proiezione del film sul Parco naturale Strugnano.<\/p>\n                            <span>Leggi di pi\u00f9<\/span>\n                        <\/div>\n                    <\/div>\n                <\/a>\n                            <a href=\"https:\/\/parkstrunjan.si\/it\/attivita\/visite-guidate\/\">\n                    <div class=\"nacrtuj-obisk\">\n                        <div class=\"nacrtuj-obisk-title-image\"\n                             style=\"background-image: url('https:\/\/parkstrunjan.si\/wp-content\/uploads\/2019\/06\/vodenja-soline-720x400.jpg')\">\n                            <h3>Visite guidate<\/h3>\n                        <\/div>\n                        <div class=\"nacrtuj-obisk-content\">\n                                                        <p>Il parco offre visite guidate individuali e di gruppo. I tour del parco a fianco di una guida esperta, disponibili su richiesta e con sufficiente anticipo, sono pensati per i visitatori che oltre a godersi una passeggiata all\u2019aria aperta desiderano conoscere meglio anche le peculiarit\u00e0 naturali e culturali del Parco naturale Strugnano.<\/p>\n                            <span>Leggi di pi\u00f9<\/span>\n                        <\/div>\n                    <\/div>\n                <\/a>\n                            <a href=\"https:\/\/parkstrunjan.si\/it\/attivita\/sentiero-circolare\/\">\n                    <div class=\"nacrtuj-obisk\">\n                        <div class=\"nacrtuj-obisk-title-image\"\n                             style=\"background-image: url('https:\/\/parkstrunjan.si\/wp-content\/uploads\/2018\/11\/tabla-mandrac.jpg')\">\n                            <h3>Sentiero circolare<\/h3>\n                        <\/div>\n                        <div class=\"nacrtuj-obisk-content\">\n                                                        <p>Il percorso racconta il Parco naturale Strugnano attraverso immagini che l\u2019Adriatico ha forgiato per millenni, fuse in un patrimonio naturale e culturale a cui il mare ha dato vita e la gente del posto significato.<\/p>\n                            <span>Leggi di pi\u00f9<\/span>\n                        <\/div>\n                    <\/div>\n                <\/a>\n                            <a href=\"https:\/\/parkstrunjan.si\/it\/attivita\/un-giro-in-bici\/\">\n                    <div class=\"nacrtuj-obisk\">\n                        <div class=\"nacrtuj-obisk-title-image\"\n                             style=\"background-image: url('https:\/\/parkstrunjan.si\/wp-content\/uploads\/2018\/11\/kolesarjenje-2-720x400.jpg')\">\n                            <h3>Un giro in bici<\/h3>\n                        <\/div>\n                        <div class=\"nacrtuj-obisk-content\">\n                                                        <p>Il Parco naturale Strugnano \u00e8 situato vicino alla ben conosciuta pista ciclabile La Parenzana. All\u2019interno del parco i ciclisti possono utilizzare una vasta rete, mentre i sentieri al di fuori dei centri abitati e quelli che percorrono le riserve naturali (sulla falesia e nell\u2019area della laguna e delle saline) sono riservati esclusivamente ai passeggiatori ed escursionisti.<\/p>\n                            <span>Leggi di pi\u00f9<\/span>\n                        <\/div>\n                    <\/div>\n                <\/a>\n                            <a href=\"https:\/\/parkstrunjan.si\/it\/attivita\/in-giro-a-piedi\/\">\n                    <div class=\"nacrtuj-obisk\">\n                        <div class=\"nacrtuj-obisk-title-image\"\n                             style=\"background-image: url('https:\/\/parkstrunjan.si\/wp-content\/uploads\/2021\/05\/feel_and_taste_Soline-Strunjan_Branko_Furlanic-41_odrezana_zmanjsana.png')\">\n                            <h3>In giro a piedi<\/h3>\n                        <\/div>\n                        <div class=\"nacrtuj-obisk-content\">\n                                                        <p>I vostri piedi sono solo uno dei migliaia di paia che ogni anno visitano il Parco naturale Strugnano, per cui \u00e8 importante dove camminano. Seguendo i percorsi contrassegnati ci aiuterete a conservare la natura.<\/p>\n                            <span>Leggi di pi\u00f9<\/span>\n                        <\/div>\n                    <\/div>\n                <\/a>\n                            <a href=\"https:\/\/parkstrunjan.si\/it\/attivita\/in-visita-al-mare\/\">\n                    <div class=\"nacrtuj-obisk\">\n                        <div class=\"nacrtuj-obisk-title-image\"\n                             style=\"background-image: url('https:\/\/parkstrunjan.si\/wp-content\/uploads\/2018\/11\/kopanje-1-720x400.jpg')\">\n                            <h3>In visita al mare<\/h3>\n                        <\/div>\n                        <div class=\"nacrtuj-obisk-content\">\n                                                        <p>In estate, i visitatori della Riserva naturale di Strugnano possono godersi il sole sulla spiaggia e fare il bagno nella sezione pi\u00f9 lunga di costa naturale dell\u2019intero Golfo di Trieste.<\/p>\n                            <span>Leggi di pi\u00f9<\/span>\n                        <\/div>\n                    <\/div>\n                <\/a>\n                            <a href=\"https:\/\/parkstrunjan.si\/it\/attivita\/plovba\/\">\n                    <div class=\"nacrtuj-obisk\">\n                        <div class=\"nacrtuj-obisk-title-image\"\n                             style=\"background-image: url('https:\/\/parkstrunjan.si\/wp-content\/uploads\/2018\/11\/plovba-720x400.jpg')\">\n                            <h3>La navigazione<\/h3>\n                        <\/div>\n                        <div class=\"nacrtuj-obisk-content\">\n                                                        <p>La navigazione \u00e8 consentita nella parte pi\u00f9 ampia della Riserva naturale Strugnano, mentre la navigazione e l'ancoraggio non sono consentiti nella parte centrale della riserva naturale (la Baia di Santa Croce e la zona di Ronco). <\/p>\n                            <span>Leggi di pi\u00f9<\/span>\n                        <\/div>\n                    <\/div>\n                <\/a>\n                            <a href=\"https:\/\/parkstrunjan.si\/it\/attivita\/sport-fishing\/\">\n                    <div class=\"nacrtuj-obisk\">\n                        <div class=\"nacrtuj-obisk-title-image\"\n                             style=\"background-image: url('https:\/\/parkstrunjan.si\/wp-content\/uploads\/2022\/02\/Slika-palice-720x400.jpg')\">\n                            <h3>La pesca sportiva<\/h3>\n                        <\/div>\n                        <div class=\"nacrtuj-obisk-content\">\n                                                        <p>Nel Parco naturale Strugnano \u00e8 consentita la pesca sportiva soltanto da riva e solo in aree designate.<\/p>\n                            <span>Leggi di pi\u00f9<\/span>\n                        <\/div>\n                    <\/div>\n                <\/a>\n                        <\/div>\n    <\/div><\/div><\/div><\/div><\/div><\/section><section data-kc-fullwidth=\"content\" class=\"kc-elm kc-css-736294 kc_row three_sections\"><div class=\"kc-row-container\"><div class=\"kc-wrap-columns\"><div class=\"kc-elm kc-css-357090 kc_col-sm-12 kc_column kc_col-sm-12\"><div class=\"kc-col-container\"><div class=\"kc-elm kc-css-145996 kc_row kc_row_inner three-sections-row-one\"><div class=\"kc-elm kc-css-784394 kc_col-sm-6 kc_column_inner kc_col-sm-6 column_one_right\"><div class=\"kc_wrapper kc-col-inner-container\">\n<div class=\"kc-elm kc-css-209485 kc-title-wrap \">\n\n\t<h3 class=\"kc_title\">Visite guidate del parco<\/h3>\n<\/div>\n<div class=\"kc-elm kc-css-829165 kc_text_block\"><\/p>\n<p>Il parco offre visite guidate individuali e di gruppo. I tour del parco a fianco di una guida esperta, disponibili su richiesta e con sufficiente anticipo, sono pensati per i visitatori che oltre a godersi una passeggiata all\u2019aria aperta desiderano conoscere meglio anche le peculiarit\u00e0 naturali e culturali del Parco naturale Strugnano.<\/p>\n<p>\n<\/div>\n<div class=\"kc-elm kc-css-999047 feature-buttons\">\n\t<a class=\"kc_button btn btn-primary\" href=\"https:\/\/parkstrunjan.si\/it\/visite-guidate\/\" target=\"_self\" title=\"Visite guidate\" onclick=\"\">\n\t\tLeggi di pi\u00f9\t<\/a>\n<\/div>\n<\/div><\/div><div class=\"kc-elm kc-css-981257 kc_col-sm-6 kc_column_inner kc_col-sm-6\"><div class=\"kc_wrapper kc-col-inner-container\"><div class=\"kc-elm kc-css-731066 kc_shortcode kc_single_image\">\n\n        <img decoding=\"async\" src=\"https:\/\/parkstrunjan.si\/wp-content\/uploads\/2019\/06\/vodenja-soline.jpg\" class=\"\" alt=\"\" \/>    <\/div>\n<\/div><\/div><\/div><div class=\"kc-elm kc-css-457041 kc_row kc_row_inner three-sections-row-three\"><div class=\"kc-elm kc-css-976175 kc_col-sm-6 kc_column_inner kc_col-sm-6\"><div class=\"kc_wrapper kc-col-inner-container\"><div class=\"kc-elm kc-css-551402 kc_shortcode kc_single_image\">\n\n        <img decoding=\"async\" src=\"https:\/\/parkstrunjan.si\/wp-content\/uploads\/2019\/06\/Center-za-obiskovalce.jpg\" class=\"\" alt=\"\" \/>    <\/div>\n<\/div><\/div><div class=\"kc-elm kc-css-591932 kc_col-sm-6 kc_column_inner kc_col-sm-6 column_one_right\"><div class=\"kc_wrapper kc-col-inner-container\">\n<div class=\"kc-elm kc-css-318358 kc-title-wrap \">\n\n\t<h3 class=\"kc_title\">Centro del Parco naturale Strugnano<\/h3>\n<\/div>\n<div class=\"kc-elm kc-css-417702 kc_text_block\"><\/p>\n<p>Il Centro per i visitatori accoglie una mostra sul Parco naturale Strugnano. A completare l\u2019esposizione, la proiezione del film sul Parco naturale Strugnano.<\/p>\n<p>\n<\/div>\n<div class=\"kc-elm kc-css-140473 feature-buttons\">\n\t<a class=\"kc_button btn btn-primary\" href=\"https:\/\/parkstrunjan.si\/it\/centro-del-parco-naturale-strugnano\/\" target=\"_self\" title=\"Centro del Parco naturale Strugnano\" onclick=\"\">\n\t\tLeggi di pi\u00f9\t<\/a>\n<\/div>\n<\/div><\/div><\/div><\/div><\/div><\/div><\/div><\/section><\/p>\n","protected":false},"excerpt":{"rendered":"","protected":false},"author":6,"featured_media":10891,"parent":0,"menu_order":40,"comment_status":"closed","ping_status":"closed","template":"page-nacrtujobisk.php","meta":{"_acf_changed":false,"footnotes":""},"class_list":["post-5991","page","type-page","status-publish","has-post-thumbnail","hentry"],"acf":[],"yoast_head":"<!-- This site is optimized with the Yoast SEO plugin v26.8 - https:\/\/yoast.com\/product\/yoast-seo-wordpress\/ -->\n<title>Visitare il parco | Krajinski park Strunjan<\/title>\n<meta name=\"robots\" content=\"index, follow, max-snippet:-1, max-image-preview:large, max-video-preview:-1\" \/>\n<link rel=\"canonical\" href=\"https:\/\/parkstrunjan.si\/it\/visitare-il-parco\/\" \/>\n<meta property=\"og:locale\" content=\"it_IT\" \/>\n<meta property=\"og:type\" content=\"article\" \/>\n<meta property=\"og:title\" content=\"Visitare il parco | Krajinski park Strunjan\" \/>\n<meta property=\"og:description\" content=\"Visitare il Parco Parco naturale Strugnano \u00e8 uno dei parchi sloveni pi\u00f9 piccoli, ma di una variet\u00e0 eguagliata da pochi. Per questo \u00e8 in grado di offrire un\u2019esperienza a tutto campo sia ai visitatori giornalieri sia a turisti soggiornanti nell\u2019area che possono concedersi pi\u00f9 tempo per le escursioni. Le nostre visite guidate vi daranno un [&hellip;]\" \/>\n<meta property=\"og:url\" content=\"https:\/\/parkstrunjan.si\/it\/visitare-il-parco\/\" \/>\n<meta property=\"og:site_name\" content=\"Krajinski park Strunjan\" \/>\n<meta property=\"article:modified_time\" content=\"2025-05-13T08:58:52+00:00\" \/>\n<meta property=\"og:image\" content=\"https:\/\/parkstrunjan.si\/wp-content\/uploads\/2022\/03\/delfini_spletna.jpg\" \/>\n\t<meta property=\"og:image:width\" content=\"1920\" \/>\n\t<meta property=\"og:image:height\" content=\"1134\" \/>\n\t<meta property=\"og:image:type\" content=\"image\/jpeg\" \/>\n<meta name=\"twitter:card\" content=\"summary_large_image\" \/>\n<meta name=\"twitter:label1\" content=\"Tempo di lettura stimato\" \/>\n\t<meta name=\"twitter:data1\" content=\"3 minuti\" \/>\n<script type=\"application\/ld+json\" class=\"yoast-schema-graph\">{\"@context\":\"https:\/\/schema.org\",\"@graph\":[{\"@type\":\"WebPage\",\"@id\":\"https:\/\/parkstrunjan.si\/it\/visitare-il-parco\/\",\"url\":\"https:\/\/parkstrunjan.si\/it\/visitare-il-parco\/\",\"name\":\"Visitare il parco | Krajinski park Strunjan\",\"isPartOf\":{\"@id\":\"https:\/\/parkstrunjan.si\/#website\"},\"primaryImageOfPage\":{\"@id\":\"https:\/\/parkstrunjan.si\/it\/visitare-il-parco\/#primaryimage\"},\"image\":{\"@id\":\"https:\/\/parkstrunjan.si\/it\/visitare-il-parco\/#primaryimage\"},\"thumbnailUrl\":\"https:\/\/parkstrunjan.si\/wp-content\/uploads\/2022\/03\/delfini_spletna.jpg\",\"datePublished\":\"2018-10-30T14:33:57+00:00\",\"dateModified\":\"2025-05-13T08:58:52+00:00\",\"breadcrumb\":{\"@id\":\"https:\/\/parkstrunjan.si\/it\/visitare-il-parco\/#breadcrumb\"},\"inLanguage\":\"it-IT\",\"potentialAction\":[{\"@type\":\"ReadAction\",\"target\":[\"https:\/\/parkstrunjan.si\/it\/visitare-il-parco\/\"]}]},{\"@type\":\"ImageObject\",\"inLanguage\":\"it-IT\",\"@id\":\"https:\/\/parkstrunjan.si\/it\/visitare-il-parco\/#primaryimage\",\"url\":\"https:\/\/parkstrunjan.si\/wp-content\/uploads\/2022\/03\/delfini_spletna.jpg\",\"contentUrl\":\"https:\/\/parkstrunjan.si\/wp-content\/uploads\/2022\/03\/delfini_spletna.jpg\",\"width\":1920,\"height\":1134},{\"@type\":\"BreadcrumbList\",\"@id\":\"https:\/\/parkstrunjan.si\/it\/visitare-il-parco\/#breadcrumb\",\"itemListElement\":[{\"@type\":\"ListItem\",\"position\":1,\"name\":\"Home\",\"item\":\"https:\/\/parkstrunjan.si\/it\/\"},{\"@type\":\"ListItem\",\"position\":2,\"name\":\"Visitare il parco\"}]},{\"@type\":\"WebSite\",\"@id\":\"https:\/\/parkstrunjan.si\/#website\",\"url\":\"https:\/\/parkstrunjan.si\/\",\"name\":\"Krajinski park Strunjan\",\"description\":\"Kjer se sre\u010dujeta kopno in morje\",\"publisher\":{\"@id\":\"https:\/\/parkstrunjan.si\/#organization\"},\"potentialAction\":[{\"@type\":\"SearchAction\",\"target\":{\"@type\":\"EntryPoint\",\"urlTemplate\":\"https:\/\/parkstrunjan.si\/?s={search_term_string}\"},\"query-input\":{\"@type\":\"PropertyValueSpecification\",\"valueRequired\":true,\"valueName\":\"search_term_string\"}}],\"inLanguage\":\"it-IT\"},{\"@type\":\"Organization\",\"@id\":\"https:\/\/parkstrunjan.si\/#organization\",\"name\":\"Krajinski park Strunjan\",\"url\":\"https:\/\/parkstrunjan.si\/\",\"logo\":{\"@type\":\"ImageObject\",\"inLanguage\":\"it-IT\",\"@id\":\"https:\/\/parkstrunjan.si\/#\/schema\/logo\/image\/\",\"url\":\"https:\/\/parkstrunjan.si\/wp-content\/uploads\/2019\/04\/www_parkstrunjan_si_422aadf1f29e0bd85fddab969ddc1b56.png\",\"contentUrl\":\"https:\/\/parkstrunjan.si\/wp-content\/uploads\/2019\/04\/www_parkstrunjan_si_422aadf1f29e0bd85fddab969ddc1b56.png\",\"width\":311,\"height\":339,\"caption\":\"Krajinski park Strunjan\"},\"image\":{\"@id\":\"https:\/\/parkstrunjan.si\/#\/schema\/logo\/image\/\"}}]}<\/script>\n<!-- \/ Yoast SEO plugin. -->","yoast_head_json":{"title":"Visitare il parco | Krajinski park Strunjan","robots":{"index":"index","follow":"follow","max-snippet":"max-snippet:-1","max-image-preview":"max-image-preview:large","max-video-preview":"max-video-preview:-1"},"canonical":"https:\/\/parkstrunjan.si\/it\/visitare-il-parco\/","og_locale":"it_IT","og_type":"article","og_title":"Visitare il parco | Krajinski park Strunjan","og_description":"Visitare il Parco Parco naturale Strugnano \u00e8 uno dei parchi sloveni pi\u00f9 piccoli, ma di una variet\u00e0 eguagliata da pochi. Per questo \u00e8 in grado di offrire un\u2019esperienza a tutto campo sia ai visitatori giornalieri sia a turisti soggiornanti nell\u2019area che possono concedersi pi\u00f9 tempo per le escursioni. Le nostre visite guidate vi daranno un [&hellip;]","og_url":"https:\/\/parkstrunjan.si\/it\/visitare-il-parco\/","og_site_name":"Krajinski park Strunjan","article_modified_time":"2025-05-13T08:58:52+00:00","og_image":[{"width":1920,"height":1134,"url":"https:\/\/parkstrunjan.si\/wp-content\/uploads\/2022\/03\/delfini_spletna.jpg","type":"image\/jpeg"}],"twitter_card":"summary_large_image","twitter_misc":{"Tempo di lettura stimato":"3 minuti"},"schema":{"@context":"https:\/\/schema.org","@graph":[{"@type":"WebPage","@id":"https:\/\/parkstrunjan.si\/it\/visitare-il-parco\/","url":"https:\/\/parkstrunjan.si\/it\/visitare-il-parco\/","name":"Visitare il parco | Krajinski park Strunjan","isPartOf":{"@id":"https:\/\/parkstrunjan.si\/#website"},"primaryImageOfPage":{"@id":"https:\/\/parkstrunjan.si\/it\/visitare-il-parco\/#primaryimage"},"image":{"@id":"https:\/\/parkstrunjan.si\/it\/visitare-il-parco\/#primaryimage"},"thumbnailUrl":"https:\/\/parkstrunjan.si\/wp-content\/uploads\/2022\/03\/delfini_spletna.jpg","datePublished":"2018-10-30T14:33:57+00:00","dateModified":"2025-05-13T08:58:52+00:00","breadcrumb":{"@id":"https:\/\/parkstrunjan.si\/it\/visitare-il-parco\/#breadcrumb"},"inLanguage":"it-IT","potentialAction":[{"@type":"ReadAction","target":["https:\/\/parkstrunjan.si\/it\/visitare-il-parco\/"]}]},{"@type":"ImageObject","inLanguage":"it-IT","@id":"https:\/\/parkstrunjan.si\/it\/visitare-il-parco\/#primaryimage","url":"https:\/\/parkstrunjan.si\/wp-content\/uploads\/2022\/03\/delfini_spletna.jpg","contentUrl":"https:\/\/parkstrunjan.si\/wp-content\/uploads\/2022\/03\/delfini_spletna.jpg","width":1920,"height":1134},{"@type":"BreadcrumbList","@id":"https:\/\/parkstrunjan.si\/it\/visitare-il-parco\/#breadcrumb","itemListElement":[{"@type":"ListItem","position":1,"name":"Home","item":"https:\/\/parkstrunjan.si\/it\/"},{"@type":"ListItem","position":2,"name":"Visitare il parco"}]},{"@type":"WebSite","@id":"https:\/\/parkstrunjan.si\/#website","url":"https:\/\/parkstrunjan.si\/","name":"Krajinski park Strunjan","description":"Kjer se sre\u010dujeta kopno in morje","publisher":{"@id":"https:\/\/parkstrunjan.si\/#organization"},"potentialAction":[{"@type":"SearchAction","target":{"@type":"EntryPoint","urlTemplate":"https:\/\/parkstrunjan.si\/?s={search_term_string}"},"query-input":{"@type":"PropertyValueSpecification","valueRequired":true,"valueName":"search_term_string"}}],"inLanguage":"it-IT"},{"@type":"Organization","@id":"https:\/\/parkstrunjan.si\/#organization","name":"Krajinski park Strunjan","url":"https:\/\/parkstrunjan.si\/","logo":{"@type":"ImageObject","inLanguage":"it-IT","@id":"https:\/\/parkstrunjan.si\/#\/schema\/logo\/image\/","url":"https:\/\/parkstrunjan.si\/wp-content\/uploads\/2019\/04\/www_parkstrunjan_si_422aadf1f29e0bd85fddab969ddc1b56.png","contentUrl":"https:\/\/parkstrunjan.si\/wp-content\/uploads\/2019\/04\/www_parkstrunjan_si_422aadf1f29e0bd85fddab969ddc1b56.png","width":311,"height":339,"caption":"Krajinski park Strunjan"},"image":{"@id":"https:\/\/parkstrunjan.si\/#\/schema\/logo\/image\/"}}]}},"_links":{"self":[{"href":"https:\/\/parkstrunjan.si\/it\/wp-json\/wp\/v2\/pages\/5991","targetHints":{"allow":["GET"]}}],"collection":[{"href":"https:\/\/parkstrunjan.si\/it\/wp-json\/wp\/v2\/pages"}],"about":[{"href":"https:\/\/parkstrunjan.si\/it\/wp-json\/wp\/v2\/types\/page"}],"author":[{"embeddable":true,"href":"https:\/\/parkstrunjan.si\/it\/wp-json\/wp\/v2\/users\/6"}],"replies":[{"embeddable":true,"href":"https:\/\/parkstrunjan.si\/it\/wp-json\/wp\/v2\/comments?post=5991"}],"version-history":[{"count":0,"href":"https:\/\/parkstrunjan.si\/it\/wp-json\/wp\/v2\/pages\/5991\/revisions"}],"wp:featuredmedia":[{"embeddable":true,"href":"https:\/\/parkstrunjan.si\/it\/wp-json\/wp\/v2\/media\/10891"}],"wp:attachment":[{"href":"https:\/\/parkstrunjan.si\/it\/wp-json\/wp\/v2\/media?parent=5991"}],"curies":[{"name":"wp","href":"https:\/\/api.w.org\/{rel}","templated":true}]}}