{"id":6576,"date":"2020-06-09T08:43:00","date_gmt":"2020-06-09T06:43:00","guid":{"rendered":"https:\/\/parkstrunjan.si\/odseki-plaz\/odsek-bele-skale-rt-kane\/"},"modified":"2021-06-23T16:49:45","modified_gmt":"2021-06-23T14:49:45","slug":"segmento-3-rocce-bianche-bele-skale","status":"publish","type":"page","link":"https:\/\/parkstrunjan.si\/it\/tratti-di-spiaggia\/segmento-3-rocce-bianche-bele-skale\/","title":{"rendered":"Segmento 3: Rocce bianche (Bele skale)"},"content":{"rendered":"<h4><span lang=\"sl-SI\">Arrivo in macchina o altro mezzo di trasporto<\/span><\/h4>\n<p><span lang=\"sl-SI\">Potete parcheggiare la macchina nell\u2019ambito del complesso alberghiero di Belvedere (GKY:393642, GKX:43874); la tariffa per il parcheggio deve essere pagata alla reception dell\u2019hotel. <\/span><\/p>\n<h4><span lang=\"sl-SI\">L\u2019isola ecologica pi\u00f9 vicina <\/span><\/h4>\n<p><span lang=\"sl-SI\">Lungo la strada locale che porta attraverso il complesso alberghiero di Belvedere (GKY:393524, GKX:43935).<\/span><\/p>\n<h4><span lang=\"sl-SI\">Sentiero fino a Rocce bianche (Bele skale)<\/span><\/h4>\n<p><span lang=\"sl-SI\">Prendete il sentiero fino a Rocce bianche che dalla strada locale passa per il complesso alberghiero di Belvedere. Le rocce grandi che impediscono il parcheggio lungo la strada locale vi fanno da promemoria poich\u00e9 \u00e8 l\u00ec dalla strada locale che entrate nella pineta e cercate il sentiero boschivo che porta fino a Rocce bianche. Dopo circa 500 metri di discesa lungo un sentiero che offre panorami mozzafiato giungerete a Rocce bianche. Pero atenzione, passagio e tratenimento a propia responsabilita&#8217;! Caduta massi!<\/span><\/p>\n<h4><span lang=\"sl-SI\">Curiosit\u00e0<\/span><\/h4>\n<p><span lang=\"sl-SI\">Rocce bianche (Bele skale) sono l\u2019unico esempio di un grande raggruppamento di masse rocciose da torbiditi scomposte in prossimit\u00e0 della costa slovena; le rocce sono state disperse nel mare dall\u2019azione delle onde, senza l\u2019azione dell\u2019uomo. Qui c&#8217;\u00e8 un sito eccezionalmente ricco di numerose specie di foraminiferi (16 generi), parte integrante del pietrisco calcareo. Il nome di questo raggruppamento di rocce Bele skale (o rocce bianche) deriva dal loro aspetto chiaro che si distingue dal colore grigio-marrone del flysch.<\/span><\/p>\n<div id='gallery-1'  class='gallery galleryid-6576 gallery-columns-3 gallery-size-large'><figure class='gallery-item'>\n\t\t\t<div class='gallery-icon landscape'>\n\t\t\t\t<a data-fancybox=\"gallery-6576\" href='https:\/\/parkstrunjan.si\/it\/tratti-di-spiaggia\/segmento-3-rocce-bianche-bele-skale\/dostop-3\/'><img loading=\"lazy\" decoding=\"async\" width=\"1024\" height=\"683\" src=\"https:\/\/parkstrunjan.si\/wp-content\/uploads\/2020\/06\/Dostop-1024x683.jpg\" class=\"attachment-large size-large\" alt=\"\" srcset=\"https:\/\/parkstrunjan.si\/wp-content\/uploads\/2020\/06\/Dostop-1024x683.jpg 1024w, https:\/\/parkstrunjan.si\/wp-content\/uploads\/2020\/06\/Dostop-300x200.jpg 300w, https:\/\/parkstrunjan.si\/wp-content\/uploads\/2020\/06\/Dostop-768x512.jpg 768w, https:\/\/parkstrunjan.si\/wp-content\/uploads\/2020\/06\/Dostop-720x480.jpg 720w, https:\/\/parkstrunjan.si\/wp-content\/uploads\/2020\/06\/Dostop.jpg 1920w\" sizes=\"auto, (max-width: 1024px) 100vw, 1024px\" \/><\/a><p> <\/p>\n\t\t\t<\/div><\/figure><figure class='gallery-item'>\n\t\t\t<div class='gallery-icon landscape'>\n\t\t\t\t<a data-fancybox=\"gallery-6576\" href='https:\/\/parkstrunjan.si\/it\/tratti-di-spiaggia\/segmento-3-rocce-bianche-bele-skale\/skalni-bloki-odlomljeni-od-visje-lezecih-karbonatnih-megaplasti-2-2\/'><img loading=\"lazy\" decoding=\"async\" width=\"1024\" height=\"768\" src=\"https:\/\/parkstrunjan.si\/wp-content\/uploads\/2020\/06\/Skalni-bloki-odlomljeni-od-vi\u0161je-le\u017ee\u010dih-karbonatnih-megaplasti.jpg\" class=\"attachment-large size-large\" alt=\"\" \/><\/a><p> <\/p>\n\t\t\t<\/div><\/figure><figure class='gallery-item'>\n\t\t\t<div class='gallery-icon landscape'>\n\t\t\t\t<a data-fancybox=\"gallery-6576\" href='https:\/\/parkstrunjan.si\/it\/tratti-di-spiaggia\/segmento-3-rocce-bianche-bele-skale\/dostop-2-2-2\/'><img loading=\"lazy\" decoding=\"async\" width=\"1024\" height=\"768\" src=\"https:\/\/parkstrunjan.si\/wp-content\/uploads\/2020\/06\/Dostop-2-1.jpg\" class=\"attachment-large size-large\" alt=\"\" \/><\/a><p> <\/p>\n\t\t\t<\/div><\/figure>\n\t\t<\/div>\n\n<p><a href=\"https:\/\/zrsvn-varstvonarave.si\/wp-content\/uploads\/2019\/09\/Vidmar_1343.pdf\">Vir<\/a><\/p>\n","protected":false},"excerpt":{"rendered":"<p>Arrivo in macchina o altro mezzo di trasporto Potete parcheggiare la macchina nell\u2019ambito del complesso alberghiero di Belvedere (GKY:393642, GKX:43874); la tariffa per il parcheggio deve essere pagata alla reception dell\u2019hotel. L\u2019isola ecologica pi\u00f9 vicina Lungo la strada locale che porta attraverso il complesso alberghiero di Belvedere (GKY:393524, GKX:43935). Sentiero fino a Rocce bianche (Bele [&hellip;]<\/p>\n","protected":false},"author":10,"featured_media":6472,"parent":6570,"menu_order":73,"comment_status":"closed","ping_status":"closed","template":"page-posvojiobalo.php","meta":{"_acf_changed":false,"footnotes":""},"class_list":["post-6576","page","type-page","status-publish","has-post-thumbnail","hentry"],"acf":[],"yoast_head":"<!-- This site is optimized with the Yoast SEO plugin v26.8 - https:\/\/yoast.com\/product\/yoast-seo-wordpress\/ -->\n<title>Segmento 3: Rocce bianche (Bele skale) | Krajinski park Strunjan<\/title>\n<meta name=\"robots\" content=\"index, follow, max-snippet:-1, max-image-preview:large, max-video-preview:-1\" \/>\n<link rel=\"canonical\" href=\"https:\/\/parkstrunjan.si\/it\/tratti-di-spiaggia\/segmento-3-rocce-bianche-bele-skale\/\" \/>\n<meta property=\"og:locale\" content=\"it_IT\" \/>\n<meta property=\"og:type\" content=\"article\" \/>\n<meta property=\"og:title\" content=\"Segmento 3: Rocce bianche (Bele skale) | Krajinski park Strunjan\" \/>\n<meta property=\"og:description\" content=\"Arrivo in macchina o altro mezzo di trasporto Potete parcheggiare la macchina nell\u2019ambito del complesso alberghiero di Belvedere (GKY:393642, GKX:43874); la tariffa per il parcheggio deve essere pagata alla reception dell\u2019hotel. L\u2019isola ecologica pi\u00f9 vicina Lungo la strada locale che porta attraverso il complesso alberghiero di Belvedere (GKY:393524, GKX:43935). Sentiero fino a Rocce bianche (Bele [&hellip;]\" \/>\n<meta property=\"og:url\" content=\"https:\/\/parkstrunjan.si\/it\/tratti-di-spiaggia\/segmento-3-rocce-bianche-bele-skale\/\" \/>\n<meta property=\"og:site_name\" content=\"Krajinski park Strunjan\" \/>\n<meta property=\"article:modified_time\" content=\"2021-06-23T14:49:45+00:00\" \/>\n<meta property=\"og:image\" content=\"https:\/\/parkstrunjan.si\/wp-content\/uploads\/2020\/06\/Bele-skale-1-1024x683.jpg\" \/>\n\t<meta property=\"og:image:width\" content=\"1024\" \/>\n\t<meta property=\"og:image:height\" content=\"683\" \/>\n\t<meta property=\"og:image:type\" content=\"image\/jpeg\" \/>\n<meta name=\"twitter:card\" content=\"summary_large_image\" \/>\n<meta name=\"twitter:label1\" content=\"Tempo di lettura stimato\" \/>\n\t<meta name=\"twitter:data1\" content=\"1 minuto\" \/>\n<script type=\"application\/ld+json\" class=\"yoast-schema-graph\">{\"@context\":\"https:\/\/schema.org\",\"@graph\":[{\"@type\":\"WebPage\",\"@id\":\"https:\/\/parkstrunjan.si\/it\/tratti-di-spiaggia\/segmento-3-rocce-bianche-bele-skale\/\",\"url\":\"https:\/\/parkstrunjan.si\/it\/tratti-di-spiaggia\/segmento-3-rocce-bianche-bele-skale\/\",\"name\":\"Segmento 3: Rocce bianche (Bele skale) | Krajinski park Strunjan\",\"isPartOf\":{\"@id\":\"https:\/\/parkstrunjan.si\/#website\"},\"primaryImageOfPage\":{\"@id\":\"https:\/\/parkstrunjan.si\/it\/tratti-di-spiaggia\/segmento-3-rocce-bianche-bele-skale\/#primaryimage\"},\"image\":{\"@id\":\"https:\/\/parkstrunjan.si\/it\/tratti-di-spiaggia\/segmento-3-rocce-bianche-bele-skale\/#primaryimage\"},\"thumbnailUrl\":\"https:\/\/parkstrunjan.si\/wp-content\/uploads\/2020\/06\/Bele-skale-1.jpg\",\"datePublished\":\"2020-06-09T06:43:00+00:00\",\"dateModified\":\"2021-06-23T14:49:45+00:00\",\"breadcrumb\":{\"@id\":\"https:\/\/parkstrunjan.si\/it\/tratti-di-spiaggia\/segmento-3-rocce-bianche-bele-skale\/#breadcrumb\"},\"inLanguage\":\"it-IT\",\"potentialAction\":[{\"@type\":\"ReadAction\",\"target\":[\"https:\/\/parkstrunjan.si\/it\/tratti-di-spiaggia\/segmento-3-rocce-bianche-bele-skale\/\"]}]},{\"@type\":\"ImageObject\",\"inLanguage\":\"it-IT\",\"@id\":\"https:\/\/parkstrunjan.si\/it\/tratti-di-spiaggia\/segmento-3-rocce-bianche-bele-skale\/#primaryimage\",\"url\":\"https:\/\/parkstrunjan.si\/wp-content\/uploads\/2020\/06\/Bele-skale-1.jpg\",\"contentUrl\":\"https:\/\/parkstrunjan.si\/wp-content\/uploads\/2020\/06\/Bele-skale-1.jpg\",\"width\":1920,\"height\":1280},{\"@type\":\"BreadcrumbList\",\"@id\":\"https:\/\/parkstrunjan.si\/it\/tratti-di-spiaggia\/segmento-3-rocce-bianche-bele-skale\/#breadcrumb\",\"itemListElement\":[{\"@type\":\"ListItem\",\"position\":1,\"name\":\"Home\",\"item\":\"https:\/\/parkstrunjan.si\/it\/\"},{\"@type\":\"ListItem\",\"position\":2,\"name\":\"Tratti di spiaggia\",\"item\":\"https:\/\/parkstrunjan.si\/it\/tratti-di-spiaggia\/\"},{\"@type\":\"ListItem\",\"position\":3,\"name\":\"Segmento 3: Rocce bianche (Bele skale)\"}]},{\"@type\":\"WebSite\",\"@id\":\"https:\/\/parkstrunjan.si\/#website\",\"url\":\"https:\/\/parkstrunjan.si\/\",\"name\":\"Krajinski park Strunjan\",\"description\":\"Kjer se sre\u010dujeta kopno in morje\",\"publisher\":{\"@id\":\"https:\/\/parkstrunjan.si\/#organization\"},\"potentialAction\":[{\"@type\":\"SearchAction\",\"target\":{\"@type\":\"EntryPoint\",\"urlTemplate\":\"https:\/\/parkstrunjan.si\/?s={search_term_string}\"},\"query-input\":{\"@type\":\"PropertyValueSpecification\",\"valueRequired\":true,\"valueName\":\"search_term_string\"}}],\"inLanguage\":\"it-IT\"},{\"@type\":\"Organization\",\"@id\":\"https:\/\/parkstrunjan.si\/#organization\",\"name\":\"Krajinski park Strunjan\",\"url\":\"https:\/\/parkstrunjan.si\/\",\"logo\":{\"@type\":\"ImageObject\",\"inLanguage\":\"it-IT\",\"@id\":\"https:\/\/parkstrunjan.si\/#\/schema\/logo\/image\/\",\"url\":\"https:\/\/parkstrunjan.si\/wp-content\/uploads\/2019\/04\/www_parkstrunjan_si_422aadf1f29e0bd85fddab969ddc1b56.png\",\"contentUrl\":\"https:\/\/parkstrunjan.si\/wp-content\/uploads\/2019\/04\/www_parkstrunjan_si_422aadf1f29e0bd85fddab969ddc1b56.png\",\"width\":311,\"height\":339,\"caption\":\"Krajinski park Strunjan\"},\"image\":{\"@id\":\"https:\/\/parkstrunjan.si\/#\/schema\/logo\/image\/\"}}]}<\/script>\n<!-- \/ Yoast SEO plugin. -->","yoast_head_json":{"title":"Segmento 3: Rocce bianche (Bele skale) | Krajinski park Strunjan","robots":{"index":"index","follow":"follow","max-snippet":"max-snippet:-1","max-image-preview":"max-image-preview:large","max-video-preview":"max-video-preview:-1"},"canonical":"https:\/\/parkstrunjan.si\/it\/tratti-di-spiaggia\/segmento-3-rocce-bianche-bele-skale\/","og_locale":"it_IT","og_type":"article","og_title":"Segmento 3: Rocce bianche (Bele skale) | Krajinski park Strunjan","og_description":"Arrivo in macchina o altro mezzo di trasporto Potete parcheggiare la macchina nell\u2019ambito del complesso alberghiero di Belvedere (GKY:393642, GKX:43874); la tariffa per il parcheggio deve essere pagata alla reception dell\u2019hotel. L\u2019isola ecologica pi\u00f9 vicina Lungo la strada locale che porta attraverso il complesso alberghiero di Belvedere (GKY:393524, GKX:43935). Sentiero fino a Rocce bianche (Bele [&hellip;]","og_url":"https:\/\/parkstrunjan.si\/it\/tratti-di-spiaggia\/segmento-3-rocce-bianche-bele-skale\/","og_site_name":"Krajinski park Strunjan","article_modified_time":"2021-06-23T14:49:45+00:00","og_image":[{"width":1024,"height":683,"url":"https:\/\/parkstrunjan.si\/wp-content\/uploads\/2020\/06\/Bele-skale-1-1024x683.jpg","type":"image\/jpeg"}],"twitter_card":"summary_large_image","twitter_misc":{"Tempo di lettura stimato":"1 minuto"},"schema":{"@context":"https:\/\/schema.org","@graph":[{"@type":"WebPage","@id":"https:\/\/parkstrunjan.si\/it\/tratti-di-spiaggia\/segmento-3-rocce-bianche-bele-skale\/","url":"https:\/\/parkstrunjan.si\/it\/tratti-di-spiaggia\/segmento-3-rocce-bianche-bele-skale\/","name":"Segmento 3: Rocce bianche (Bele skale) | Krajinski park Strunjan","isPartOf":{"@id":"https:\/\/parkstrunjan.si\/#website"},"primaryImageOfPage":{"@id":"https:\/\/parkstrunjan.si\/it\/tratti-di-spiaggia\/segmento-3-rocce-bianche-bele-skale\/#primaryimage"},"image":{"@id":"https:\/\/parkstrunjan.si\/it\/tratti-di-spiaggia\/segmento-3-rocce-bianche-bele-skale\/#primaryimage"},"thumbnailUrl":"https:\/\/parkstrunjan.si\/wp-content\/uploads\/2020\/06\/Bele-skale-1.jpg","datePublished":"2020-06-09T06:43:00+00:00","dateModified":"2021-06-23T14:49:45+00:00","breadcrumb":{"@id":"https:\/\/parkstrunjan.si\/it\/tratti-di-spiaggia\/segmento-3-rocce-bianche-bele-skale\/#breadcrumb"},"inLanguage":"it-IT","potentialAction":[{"@type":"ReadAction","target":["https:\/\/parkstrunjan.si\/it\/tratti-di-spiaggia\/segmento-3-rocce-bianche-bele-skale\/"]}]},{"@type":"ImageObject","inLanguage":"it-IT","@id":"https:\/\/parkstrunjan.si\/it\/tratti-di-spiaggia\/segmento-3-rocce-bianche-bele-skale\/#primaryimage","url":"https:\/\/parkstrunjan.si\/wp-content\/uploads\/2020\/06\/Bele-skale-1.jpg","contentUrl":"https:\/\/parkstrunjan.si\/wp-content\/uploads\/2020\/06\/Bele-skale-1.jpg","width":1920,"height":1280},{"@type":"BreadcrumbList","@id":"https:\/\/parkstrunjan.si\/it\/tratti-di-spiaggia\/segmento-3-rocce-bianche-bele-skale\/#breadcrumb","itemListElement":[{"@type":"ListItem","position":1,"name":"Home","item":"https:\/\/parkstrunjan.si\/it\/"},{"@type":"ListItem","position":2,"name":"Tratti di spiaggia","item":"https:\/\/parkstrunjan.si\/it\/tratti-di-spiaggia\/"},{"@type":"ListItem","position":3,"name":"Segmento 3: Rocce bianche (Bele skale)"}]},{"@type":"WebSite","@id":"https:\/\/parkstrunjan.si\/#website","url":"https:\/\/parkstrunjan.si\/","name":"Krajinski park Strunjan","description":"Kjer se sre\u010dujeta kopno in morje","publisher":{"@id":"https:\/\/parkstrunjan.si\/#organization"},"potentialAction":[{"@type":"SearchAction","target":{"@type":"EntryPoint","urlTemplate":"https:\/\/parkstrunjan.si\/?s={search_term_string}"},"query-input":{"@type":"PropertyValueSpecification","valueRequired":true,"valueName":"search_term_string"}}],"inLanguage":"it-IT"},{"@type":"Organization","@id":"https:\/\/parkstrunjan.si\/#organization","name":"Krajinski park Strunjan","url":"https:\/\/parkstrunjan.si\/","logo":{"@type":"ImageObject","inLanguage":"it-IT","@id":"https:\/\/parkstrunjan.si\/#\/schema\/logo\/image\/","url":"https:\/\/parkstrunjan.si\/wp-content\/uploads\/2019\/04\/www_parkstrunjan_si_422aadf1f29e0bd85fddab969ddc1b56.png","contentUrl":"https:\/\/parkstrunjan.si\/wp-content\/uploads\/2019\/04\/www_parkstrunjan_si_422aadf1f29e0bd85fddab969ddc1b56.png","width":311,"height":339,"caption":"Krajinski park Strunjan"},"image":{"@id":"https:\/\/parkstrunjan.si\/#\/schema\/logo\/image\/"}}]}},"_links":{"self":[{"href":"https:\/\/parkstrunjan.si\/it\/wp-json\/wp\/v2\/pages\/6576","targetHints":{"allow":["GET"]}}],"collection":[{"href":"https:\/\/parkstrunjan.si\/it\/wp-json\/wp\/v2\/pages"}],"about":[{"href":"https:\/\/parkstrunjan.si\/it\/wp-json\/wp\/v2\/types\/page"}],"author":[{"embeddable":true,"href":"https:\/\/parkstrunjan.si\/it\/wp-json\/wp\/v2\/users\/10"}],"replies":[{"embeddable":true,"href":"https:\/\/parkstrunjan.si\/it\/wp-json\/wp\/v2\/comments?post=6576"}],"version-history":[{"count":0,"href":"https:\/\/parkstrunjan.si\/it\/wp-json\/wp\/v2\/pages\/6576\/revisions"}],"up":[{"embeddable":true,"href":"https:\/\/parkstrunjan.si\/it\/wp-json\/wp\/v2\/pages\/6570"}],"wp:featuredmedia":[{"embeddable":true,"href":"https:\/\/parkstrunjan.si\/it\/wp-json\/wp\/v2\/media\/6472"}],"wp:attachment":[{"href":"https:\/\/parkstrunjan.si\/it\/wp-json\/wp\/v2\/media?parent=6576"}],"curies":[{"name":"wp","href":"https:\/\/api.w.org\/{rel}","templated":true}]}}